{"id":5393,"date":"2023-03-30T15:44:50","date_gmt":"2023-03-30T15:44:50","guid":{"rendered":"https:\/\/estasurfschool.net\/allgemeine-geschaeftsbedingungen\/"},"modified":"2023-06-28T14:40:48","modified_gmt":"2023-06-28T14:40:48","slug":"allgemeine-geschaeftsbedingungen","status":"publish","type":"page","link":"https:\/\/estasurfschool.net\/de\/allgemeine-geschaeftsbedingungen\/","title":{"rendered":"Allgemeine Gesch\u00e4ftsbedingungen"},"content":{"rendered":"\n<h2 class=\"wp-block-heading\">Art. 1 &#8211; Anmeldung \/ Reservierung<\/h2>\n\n<h3 class=\"wp-block-heading\">1.1 &#8211; In der Einrichtung<\/h3>\n\n<p>Die Buchung f\u00fchrt zur vollst\u00e4ndigen Bezahlung der Leistung und setzt die Zustimmung zu unseren Allgemeinen Gesch\u00e4ftsbedingungen voraus.<br\/><br\/>Die Reservierung oder Anmeldung kann entweder :<br\/>&#8211; An der Rezeption<br\/>&#8211; Per Mail<br\/>&#8211; Online<br\/><br\/>Die Anmeldung wird erst dann ber\u00fccksichtigt und ist endg\u00fcltig, wenn der gesamte Betrag zu Beginn der ersten Unterrichtsstunde bezahlt wurde.<br\/><br\/>Gruppenunterricht findet ab einer Mindestteilnehmerzahl von 3 Personen statt.<\/p>\n\n<h3 class=\"wp-block-heading\">1.2 &#8211; Online<\/h3>\n\n<p>Die Website verkauft :<\/p>\n\n<ul class=\"wp-block-list\">\n<li>1,5-st\u00fcndiger Surfkurs inklusive Material (Board \/Shorty \/ oder Neoprenanzug)<\/li>\n\n\n\n<li>Schwimmkurs: 20mn \/ maximal 4 Personen.<\/li>\n<\/ul>\n\n<p>Der Kunde erkl\u00e4rt, dass er die Allgemeinen Gesch\u00e4ftsbedingungen vor der Aufgabe seiner Bestellung zur Kenntnis genommen und akzeptiert hat. Die Best\u00e4tigung Ihrer Bestellung gilt daher als Annahme der Allgemeinen Gesch\u00e4ftsbedingungen.<\/p>\n\n<p>Tarif 2023<\/p>\n\n<ul class=\"wp-block-list\">\n<li>1 Surfkurs: 35\u20ac \/ Praktikum 3 Sitzungen: 100\u20ac \/ Praktikum 5 Sitzungen: 160\u20ac \/ Praktikum 5 Sitzungen Fam. 3 Pers.: 150\u20ac.<\/li>\n\n\n\n<li>1 Unterrichtsstunde Einzelunterricht: 90\u20ac \/ 1 Unterrichtsstunde Einzelunterricht f\u00fcr 2 Personen: 140\u20ac.<\/li>\n\n\n\n<li>1 Surf- und Yogakurs: 40\u20ac.<\/li>\n\n\n\n<li>1 Schwimmstunde: 20\u20ac \/ Kurs mit 5 Schwimmstunden \/ 10 Schwimmstunden: 160\u20ac \/ 1 Privatstunde 1 bis pers: 35\u20ac.<\/li>\n\n\n\n<li>Wassergymnastik \/ Aquaphobie \/ Ozeanschwimmen: 20\u20ac.<\/li>\n<\/ul>\n\n<p>Um eine Bestellung auf unserer Website aufzugeben, w\u00e4hlen Sie Ihre Leistung aus und legen Sie sie in den Warenkorb. Dann best\u00e4tigen Sie Ihren Warenkorb je nach Fall :<\/p>\n\n<ul class=\"wp-block-list\">\n<li>Wenn Sie bereits ein Kundenkonto auf unserer Website haben, melden Sie sich bitte an<\/li>\n\n\n\n<li>Wenn Sie noch kein Kundenkonto auf unserer Seite haben, legen Sie bitte eines an.<\/li>\n<\/ul>\n\n<p>Je nach Fall :<\/p>\n\n<ul class=\"wp-block-list\">\n<li>Kreuzen Sie das Feld &#8222;Zahlung&#8220; an, um Ihre Online-Bestellung zu honorieren ;  <\/li>\n\n\n\n<li>W\u00e4hlen Sie Ihre Zahlungsmethode und kreuzen Sie das Feld &#8222;AGB akzeptieren&#8220; an ;<\/li>\n<\/ul>\n\n<p>Je nach Fall :  <\/p>\n\n<ul class=\"wp-block-list\">\n<li>Wir akzeptieren Zahlungen per Kreditkarte ( Visa \/ Mastercard \/ Eurocard). Geben Sie bei Ihrer Online-Zahlung die Nummer Ihrer Kreditkarte, das Ablaufdatum und die drei Ziffern auf der R\u00fcckseite der Karte an. Die Online-Zahlung ist sicher<\/li>\n<\/ul>\n\n<p>Wir verlangen eine vollst\u00e4ndige Bezahlung der Bestellung.<br\/>Bei einer Stornierung durch den Kunden, die innerhalb von 10 Tagen vor Kursbeginn erfolgt, werden 30 % des Preises f\u00fcr die Leistung einbehalten.<\/p>\n\n<p>Die Erstattung der Leistung erfolgt in voller H\u00f6he. Sie erfolgt per Bank\u00fcberweisung so schnell wie m\u00f6glich und sp\u00e4testens innerhalb von 30 Tagen ab dem Zeitpunkt, an dem Sie Ihr Widerrufsrecht ausge\u00fcbt haben.<\/p>\n\n<p><br\/>Best\u00e4tigen Sie Ihre Zahlung.<br\/><\/p>\n\n<p>Sie erhalten eine E-Mail zur Best\u00e4tigung Ihrer Bestellung an die E-Mail-Adresse, die Sie bei der Einrichtung Ihres Kundenkontos angegeben haben.<br\/>\u00dcberpr\u00fcfen Sie die Details und den Gesamtbetrag Ihrer Bestellung. Berichtigen Sie eventuelle Fehler vor der Annahme.<\/p>\n\n<p><br\/>Die endg\u00fcltige Annahme der Leistung erfolgt erst bei vollst\u00e4ndiger Bezahlung der Bestellung.<br\/><\/p>\n\n<p>Gem\u00e4\u00df Artikel 1147 des Zivilgesetzbuchs haften wir Ihnen gegen\u00fcber von Rechts wegen vertraglich f\u00fcr die Nicht- oder Schlechterf\u00fcllung des geschlossenen Vertrags.<br\/>Unsere vertragliche Haftung kann jedoch in den unten genannten Situationen nicht \u00fcbernommen werden:<\/p>\n\n<ul class=\"wp-block-list\">\n<li>F\u00e4lle von h\u00f6herer Gewalt<\/li>\n\n\n\n<li>Fremder Sachverhalt, der uns nicht zugerechnet werden kann<\/li>\n\n\n\n<li>Die Fotos, Illustrationen und Bilder auf unserer Website sind nicht vertraglich bindend. Sie k\u00f6nnen daher nicht unsere Haftung begr\u00fcnden<\/li>\n<\/ul>\n\n<h2 class=\"wp-block-heading\">Art. 2 &#8211; Zahlungsweisen<\/h2>\n\n<ul class=\"wp-block-list\">\n<li>CB<\/li>\n\n\n\n<li>Schecks ausgestellt auf Fran\u00e7ois Cavadas<\/li>\n\n\n\n<li>Arten<\/li>\n\n\n\n<li>\u00dcberweisung<\/li>\n<\/ul>\n\n<p>RIB Surfschule ESTA SURF SCHOOL :<\/p>\n\n<p class=\"has-background\" style=\"background-color:#ffe597\">Herr CAVADAS Fran\u00e7ois an Cr\u00e9dit Agricole Aquitaine<br\/>IBAN: FR76 1330 6009 8823 0998 2114 066<br\/>BIC: AGRIFRPP833<\/p>\n\n<h2 class=\"wp-block-heading\">Art. 3 &#8211; Medizinische Kontraindikation<\/h2>\n\n<p>Die Praktikanten d\u00fcrfen keine medizinischen Kontraindikationen f\u00fcr das Surfen haben und m\u00fcssen bei der Anmeldung alle gesundheitlichen Probleme, auch leichte, angeben.<\/p>\n\n<h2 class=\"wp-block-heading\">Art. 4 &#8211; Absage von Kursen<\/h2>\n\n<p>Bei einer Stornierung durch den Kunden, die innerhalb von 10 Tagen vor Kursbeginn erfolgt, werden 30 % des Preises f\u00fcr die Leistung einbehalten.<\/p>\n\n<p>Jeder begonnene Kurs ist f\u00e4llig und eine vorzeitige Abreise berechtigt nicht zu einer R\u00fcckerstattungsforderung.<\/p>\n\n<p>Bei schlechten Wetterbedingungen (insbesondere Gewitter, zu starker Seegang, Umweltverschmutzung, &#8230;) werden die Kurse, die nicht im Rahmen der gebuchten Leistung durchgef\u00fchrt werden k\u00f6nnen, nach Absprache mit dem Praktikanten durch Ersatzaktivit\u00e4ten ersetzt oder auf einen sp\u00e4teren Zeitpunkt verschoben.<\/p>\n\n<p>Sollte es (in extremis) nicht m\u00f6glich sein, einen Ersatz zu finden oder den Kurs zu verschieben, wird der Kurs storniert und dem Kunden zur\u00fcckerstattet.<\/p>\n\n<h2 class=\"wp-block-heading\">Art. 5 &#8211; Verantwortung der Struktur<\/h2>\n\n<p>Die minderj\u00e4hrigen Praktikanten, die von Estasurfschool betreut werden, unterliegen ausschlie\u00dflich in dem gebuchten Zeitfenster der Verantwortung ihrer Betreuer.  <br\/><br\/>Dieser beinhaltet die Dauer der Unterrichtsstunde sowie die Zeit f\u00fcr die Zuweisung und R\u00fcckgabe der Ausr\u00fcstung.<br\/><br\/>Sie stehen nach Beendigung der betreffenden Leistung wieder unter der Verantwortung ihrer Eltern oder Erziehungsberechtigten.<br\/><br\/>Die Eltern m\u00fcssen sich vor dem Verlassen ihres Kindes vergewissern, dass die geplante Leistung tats\u00e4chlich stattfindet und der Betreuer anwesend ist.<br\/><br\/>Die zivilrechtliche Haftung von Estasurfschool betrifft ihre Kunden, die au\u00dferhalb der f\u00fcr die Leistung gebuchten Zeitfenster aufh\u00f6ren.<br\/><br\/>Den G\u00e4sten wird dringend davon abgeraten, Gegenst\u00e4nde jeglicher Art (Geld, Uhren, Telefone, &#8230;) in den Umkleider\u00e4umen zu lassen. Estasurfschool \u00fcbernimmt keine Verantwortung f\u00fcr Bruch, Verlust oder Diebstahl w\u00e4hrend der Leistungen.<\/p>\n\n<h2 class=\"wp-block-heading\">Art. 6 &#8211; Kundenverpflichtung<\/h2>\n\n<p>Mit der Anmeldung zu Leistungen der Surfschule Estasurfschool akzeptieren Erwachsene, Minderj\u00e4hrige und Eltern die Risiken, die mit dem Surfen unter normalen Bedingungen verbunden sind.<br\/><br\/>Sie verpflichten sich insbesondere dazu, dass sie 25 Meter schwimmen k\u00f6nnen, den Kopf unter Wasser halten k\u00f6nnen und dass es keine Kontraindikationen f\u00fcr das Surfen gibt.<\/p>\n\n<h2 class=\"wp-block-heading\">Art. 7 &#8211; Vermietung von Ausr\u00fcstung<\/h2>\n\n<p>Das Ausleihen von Material f\u00fchrt dazu, dass die AGB ab dem Zeitpunkt der Anmeldung durch Vorlage eines Personalausweises und Ausf\u00fcllen des Informations- und Schadensbogens akzeptiert werden.<br\/><br\/>Die Miete ist g\u00fcltig, sobald die Kaution, wie in Artikel 1 angegeben, bezahlt wurde.<br\/><br\/>Minderj\u00e4hrigen, die nicht von einem ihrer gesetzlichen Vertreter begleitet werden, ist der Verleih von Ausr\u00fcstung untersagt.<br\/><br\/>Der Mieter garantiert den Abschluss einer Haftpflichtversicherung.<\/p>\n\n<p>Estasurfschool bietet zur Miete an :<\/p>\n\n<ul class=\"wp-block-list\">\n<li>Surfbrett<\/li>\n\n\n\n<li>Kombination<\/li>\n<\/ul>\n\n<p>Das Material wird am Ende der gemieteten Zeit zur\u00fcckgegeben, andernfalls wird eine Pauschale von 10 Euro pro Stunde Versp\u00e4tung erhoben.<\/p>\n\n<p>Der Mieter ist f\u00fcr die gesamte Zeit, in der er das Material ausleiht, f\u00fcr dieses verantwortlich.<\/p>\n\n<h2 class=\"wp-block-heading\">Art. 8 &#8211; Verantwortlichkeit<\/h2>\n\n<p>Artikel 1241 (1383) des Zivilgesetzbuchs: Jeder ist f\u00fcr den Schaden verantwortlich, den er nicht nur durch sein Handeln, sondern auch durch seine Nachl\u00e4ssigkeit oder seinen Leichtsinn verursacht hat.<\/p>\n\n<p>Artikel 1242 (1384) des Zivilgesetzbuches: Man ist nicht nur f\u00fcr den Schaden verantwortlich, den man durch sein eigenes Handeln verursacht, sondern auch f\u00fcr den Schaden, der durch das Handeln von Personen, f\u00fcr die man haften muss, oder von Sachen, die man hat, verursacht wird.<br\/>unter seiner Obhut. Wer jedoch in irgendeiner Eigenschaft die Gesamtheit oder einen Teil des Geb\u00e4udes oder der beweglichen Sachen, in denen ein Brand entstanden ist, besitzt, haftet Dritten gegen\u00fcber nur dann f\u00fcr die durch den Brand verursachten Sch\u00e4den, wenn nachgewiesen wird, dass der Schaden auf sein Verschulden oder das Verschulden von Personen, f\u00fcr die er verantwortlich ist, zur\u00fcckzuf\u00fchren ist.<\/p>\n\n<h2 class=\"wp-block-heading\">Art. 9 &#8211; Erstattung von Sch\u00e4den an der Ausr\u00fcstung<\/h2>\n\n<p>Surfbrett<\/p>\n\n<ul class=\"wp-block-list\">\n<li>Gebrochene oder verlorene Flosse: 10 Euro<\/li>\n\n\n\n<li>Gebrochene oder verlorene Flosse Epoxidbrett: 25\u20ac.<\/li>\n\n\n\n<li>Gebrochene oder verlorene Leash: 15 Euro<\/li>\n\n\n\n<li>Besch\u00e4digungen an Schaumstoff-\/Epoxidplatten: 50-100\u20ac je nach Gr\u00f6\u00dfe des Schadens.<\/li>\n\n\n\n<li>Alle in zwei Teile gebrochenen oder verlorenen Schaumstoffbretter: 250 Euro<\/li>\n\n\n\n<li>Alle in zwei Teile gebrochenen oder verlorenen Epoxydharzbretter: 350 Euro<\/li>\n<\/ul>\n\n<p>Overall \/ Shorty<\/p>\n\n<ul class=\"wp-block-list\">\n<li>Zerrissene Shorty: 30 Euro<\/li>\n\n\n\n<li>Verlorener Shorty: 70 Euro<\/li>\n\n\n\n<li>Zerrissener Overall: 50\u20ac<\/li>\n\n\n\n<li>Verlorener Anzug: 100\u20ac<\/li>\n<\/ul>\n\n<h2 class=\"wp-block-heading\">Art. 10 &#8211; Besondere Bedingungen f\u00fcr Gruppen<\/h2>\n\n<p>Die Anmeldung ist g\u00fcltig, wenn der Kostenvoranschlag angenommen und 30 % der Anzahlung geleistet wurde.<\/p>\n\n<p>Bei einer Stornierung durch den Kunden, die innerhalb von 10 Tagen vor dem Kursbeginn erfolgt, wird die Anzahlung einbehalten.<\/p>\n\n<h2 class=\"wp-block-heading\">Art. 11 &#8211; Rechnungsstellung<\/h2>\n\n<p>Eine detaillierte Rechnung wird dem Kunden auf Anfrage bei Estasurfschool, oder info@estasurfschool.net zugesandt.<\/p>\n\n<h2 class=\"wp-block-heading\">Art. 12 &#8211; Preis der Leistungen<\/h2>\n\n<p>Die Preise f\u00fcr Surfkurse, -praktika und -verleih, die auf der Website www.estasurfschool.net oder in anderen von Estasurfschool herausgegebenen Kommunikationsmitteln aufgef\u00fchrt sind, sind in Euro angegeben und verstehen sich inklusive aller Steuern (inkl. MwSt.). Sie k\u00f6nnen jederzeit und ohne Vorank\u00fcndigung ge\u00e4ndert werden. Der Preis ist am Tag der Bestellung bar zu zahlen. Die Preise sind die zum Zeitpunkt der Bestellung geltenden Preise, vorbehaltlich von Druckfehlern oder \u00c4nderungen des franz\u00f6sischen Mehrwertsteuersatzes. Jede \u00c4nderung dieses Satzes w\u00fcrde sich dann sofort auf die Verkaufspreise auswirken.<\/p>\n\n<h2 class=\"wp-block-heading\">Art. 13 &#8211; Vertraulichkeit der Daten<\/h2>\n\n<p>Die vom Kunden angegebenen namentlichen Daten werden nicht an Dritte weitergegeben, mit Ausnahme der Zahlungsplattform f\u00fcr die Sicherung und Versicherung von Online-Zahlungen. Gem\u00e4\u00df dem Gesetz 78-17 vom 6. Januar 1978 hat der Kunde jederzeit das Recht auf Zugang und Berichtigung. Um dieses Recht auszu\u00fcben, wenden Sie sich einfach per Post an Estasurfschool. Gem\u00e4\u00df dem franz\u00f6sischen Datenschutzgesetz vom 6. Januar 1978 haben Sie jederzeit ein Recht auf Zugang, Berichtigung und Widerspruch zu all Ihren pers\u00f6nlichen Daten, indem Sie sich per Post an uns wenden.<\/p>\n","protected":false},"excerpt":{"rendered":"<p>Art. 1 &#8211; Anmeldung \/ Reservierung 1.1 &#8211; In der Einrichtung Die Buchung f\u00fchrt zur vollst\u00e4ndigen Bezahlung der Leistung und setzt die Zustimmung zu unseren Allgemeinen Gesch\u00e4ftsbedingungen voraus. Die Reservierung oder Anmeldung kann entweder :&#8211; An der Rezeption&#8211; Per Mail&#8211;&#8230;<\/p>\n","protected":false},"author":1,"featured_media":0,"parent":0,"menu_order":0,"comment_status":"closed","ping_status":"closed","template":"","meta":{"footnotes":""},"class_list":["post-5393","page","type-page","status-publish","hentry"],"yoast_head":"<!-- This site is optimized with the Yoast SEO plugin v26.6 - https:\/\/yoast.com\/wordpress\/plugins\/seo\/ -->\n<title>Allgemeine Gesch\u00e4ftsbedingungen | Esta Surf School<\/title>\n<meta name=\"robots\" content=\"index, follow, max-snippet:-1, max-image-preview:large, max-video-preview:-1\" \/>\n<link rel=\"canonical\" href=\"https:\/\/estasurfschool.net\/de\/allgemeine-geschaeftsbedingungen\/\" \/>\n<meta property=\"og:locale\" content=\"de_DE\" \/>\n<meta property=\"og:type\" content=\"article\" \/>\n<meta property=\"og:title\" content=\"Allgemeine Gesch\u00e4ftsbedingungen | Esta Surf School\" \/>\n<meta property=\"og:description\" content=\"Art. 1 &#8211; Anmeldung \/ Reservierung 1.1 &#8211; In der Einrichtung Die Buchung f\u00fchrt zur vollst\u00e4ndigen Bezahlung der Leistung und setzt die Zustimmung zu unseren Allgemeinen Gesch\u00e4ftsbedingungen voraus. Die Reservierung oder Anmeldung kann entweder :&#8211; An der Rezeption&#8211; Per Mail&#8211;...\" \/>\n<meta property=\"og:url\" content=\"https:\/\/estasurfschool.net\/de\/allgemeine-geschaeftsbedingungen\/\" \/>\n<meta property=\"og:site_name\" content=\"Esta Surf School\" \/>\n<meta property=\"article:publisher\" content=\"https:\/\/www.facebook.com\/estasurfschool\/\" \/>\n<meta property=\"article:modified_time\" content=\"2023-06-28T14:40:48+00:00\" \/>\n<meta property=\"og:image\" content=\"https:\/\/estasurfschool.net\/wp-content\/uploads\/2023\/03\/cropped-Logo_Esta_Surf_School_2021-compresse.png\" \/>\n\t<meta property=\"og:image:width\" content=\"995\" \/>\n\t<meta property=\"og:image:height\" content=\"997\" \/>\n\t<meta property=\"og:image:type\" content=\"image\/png\" \/>\n<meta name=\"twitter:card\" content=\"summary_large_image\" \/>\n<meta name=\"twitter:label1\" content=\"Gesch\u00e4tzte Lesezeit\" \/>\n\t<meta name=\"twitter:data1\" content=\"7\u00a0Minuten\" \/>\n<script type=\"application\/ld+json\" class=\"yoast-schema-graph\">{\"@context\":\"https:\/\/schema.org\",\"@graph\":[{\"@type\":\"WebPage\",\"@id\":\"https:\/\/estasurfschool.net\/de\/allgemeine-geschaeftsbedingungen\/\",\"url\":\"https:\/\/estasurfschool.net\/de\/allgemeine-geschaeftsbedingungen\/\",\"name\":\"Allgemeine Gesch\u00e4ftsbedingungen | Esta Surf School\",\"isPartOf\":{\"@id\":\"https:\/\/estasurfschool.net\/de\/#website\"},\"datePublished\":\"2023-03-30T15:44:50+00:00\",\"dateModified\":\"2023-06-28T14:40:48+00:00\",\"breadcrumb\":{\"@id\":\"https:\/\/estasurfschool.net\/de\/allgemeine-geschaeftsbedingungen\/#breadcrumb\"},\"inLanguage\":\"de\",\"potentialAction\":[{\"@type\":\"ReadAction\",\"target\":[\"https:\/\/estasurfschool.net\/de\/allgemeine-geschaeftsbedingungen\/\"]}]},{\"@type\":\"BreadcrumbList\",\"@id\":\"https:\/\/estasurfschool.net\/de\/allgemeine-geschaeftsbedingungen\/#breadcrumb\",\"itemListElement\":[{\"@type\":\"ListItem\",\"position\":1,\"name\":\"Accueil\",\"item\":\"https:\/\/estasurfschool.net\/de\/\"},{\"@type\":\"ListItem\",\"position\":2,\"name\":\"Allgemeine Gesch\u00e4ftsbedingungen\"}]},{\"@type\":\"WebSite\",\"@id\":\"https:\/\/estasurfschool.net\/de\/#website\",\"url\":\"https:\/\/estasurfschool.net\/de\/\",\"name\":\"Esta Surf School\",\"description\":\"Ecole de surf \u00e0 Seignosse\",\"publisher\":{\"@id\":\"https:\/\/estasurfschool.net\/de\/#organization\"},\"potentialAction\":[{\"@type\":\"SearchAction\",\"target\":{\"@type\":\"EntryPoint\",\"urlTemplate\":\"https:\/\/estasurfschool.net\/de\/?s={search_term_string}\"},\"query-input\":{\"@type\":\"PropertyValueSpecification\",\"valueRequired\":true,\"valueName\":\"search_term_string\"}}],\"inLanguage\":\"de\"},{\"@type\":\"Organization\",\"@id\":\"https:\/\/estasurfschool.net\/de\/#organization\",\"name\":\"Esta Surf School\",\"url\":\"https:\/\/estasurfschool.net\/de\/\",\"logo\":{\"@type\":\"ImageObject\",\"inLanguage\":\"de\",\"@id\":\"https:\/\/estasurfschool.net\/de\/#\/schema\/logo\/image\/\",\"url\":\"https:\/\/estasurfschool.net\/wp-content\/uploads\/2023\/03\/Logo-Esta-fondgood.png\",\"contentUrl\":\"https:\/\/estasurfschool.net\/wp-content\/uploads\/2023\/03\/Logo-Esta-fondgood.png\",\"width\":567,\"height\":567,\"caption\":\"Esta Surf School\"},\"image\":{\"@id\":\"https:\/\/estasurfschool.net\/de\/#\/schema\/logo\/image\/\"},\"sameAs\":[\"https:\/\/www.facebook.com\/estasurfschool\/\",\"https:\/\/www.instagram.com\/estasurfschool\/\"]}]}<\/script>\n<!-- \/ Yoast SEO plugin. -->","yoast_head_json":{"title":"Allgemeine Gesch\u00e4ftsbedingungen | Esta Surf School","robots":{"index":"index","follow":"follow","max-snippet":"max-snippet:-1","max-image-preview":"max-image-preview:large","max-video-preview":"max-video-preview:-1"},"canonical":"https:\/\/estasurfschool.net\/de\/allgemeine-geschaeftsbedingungen\/","og_locale":"de_DE","og_type":"article","og_title":"Allgemeine Gesch\u00e4ftsbedingungen | Esta Surf School","og_description":"Art. 1 &#8211; Anmeldung \/ Reservierung 1.1 &#8211; In der Einrichtung Die Buchung f\u00fchrt zur vollst\u00e4ndigen Bezahlung der Leistung und setzt die Zustimmung zu unseren Allgemeinen Gesch\u00e4ftsbedingungen voraus. Die Reservierung oder Anmeldung kann entweder :&#8211; An der Rezeption&#8211; Per Mail&#8211;...","og_url":"https:\/\/estasurfschool.net\/de\/allgemeine-geschaeftsbedingungen\/","og_site_name":"Esta Surf School","article_publisher":"https:\/\/www.facebook.com\/estasurfschool\/","article_modified_time":"2023-06-28T14:40:48+00:00","og_image":[{"width":995,"height":997,"url":"https:\/\/estasurfschool.net\/wp-content\/uploads\/2023\/03\/cropped-Logo_Esta_Surf_School_2021-compresse.png","type":"image\/png"}],"twitter_card":"summary_large_image","twitter_misc":{"Gesch\u00e4tzte Lesezeit":"7\u00a0Minuten"},"schema":{"@context":"https:\/\/schema.org","@graph":[{"@type":"WebPage","@id":"https:\/\/estasurfschool.net\/de\/allgemeine-geschaeftsbedingungen\/","url":"https:\/\/estasurfschool.net\/de\/allgemeine-geschaeftsbedingungen\/","name":"Allgemeine Gesch\u00e4ftsbedingungen | Esta Surf School","isPartOf":{"@id":"https:\/\/estasurfschool.net\/de\/#website"},"datePublished":"2023-03-30T15:44:50+00:00","dateModified":"2023-06-28T14:40:48+00:00","breadcrumb":{"@id":"https:\/\/estasurfschool.net\/de\/allgemeine-geschaeftsbedingungen\/#breadcrumb"},"inLanguage":"de","potentialAction":[{"@type":"ReadAction","target":["https:\/\/estasurfschool.net\/de\/allgemeine-geschaeftsbedingungen\/"]}]},{"@type":"BreadcrumbList","@id":"https:\/\/estasurfschool.net\/de\/allgemeine-geschaeftsbedingungen\/#breadcrumb","itemListElement":[{"@type":"ListItem","position":1,"name":"Accueil","item":"https:\/\/estasurfschool.net\/de\/"},{"@type":"ListItem","position":2,"name":"Allgemeine Gesch\u00e4ftsbedingungen"}]},{"@type":"WebSite","@id":"https:\/\/estasurfschool.net\/de\/#website","url":"https:\/\/estasurfschool.net\/de\/","name":"Esta Surf School","description":"Ecole de surf \u00e0 Seignosse","publisher":{"@id":"https:\/\/estasurfschool.net\/de\/#organization"},"potentialAction":[{"@type":"SearchAction","target":{"@type":"EntryPoint","urlTemplate":"https:\/\/estasurfschool.net\/de\/?s={search_term_string}"},"query-input":{"@type":"PropertyValueSpecification","valueRequired":true,"valueName":"search_term_string"}}],"inLanguage":"de"},{"@type":"Organization","@id":"https:\/\/estasurfschool.net\/de\/#organization","name":"Esta Surf School","url":"https:\/\/estasurfschool.net\/de\/","logo":{"@type":"ImageObject","inLanguage":"de","@id":"https:\/\/estasurfschool.net\/de\/#\/schema\/logo\/image\/","url":"https:\/\/estasurfschool.net\/wp-content\/uploads\/2023\/03\/Logo-Esta-fondgood.png","contentUrl":"https:\/\/estasurfschool.net\/wp-content\/uploads\/2023\/03\/Logo-Esta-fondgood.png","width":567,"height":567,"caption":"Esta Surf School"},"image":{"@id":"https:\/\/estasurfschool.net\/de\/#\/schema\/logo\/image\/"},"sameAs":["https:\/\/www.facebook.com\/estasurfschool\/","https:\/\/www.instagram.com\/estasurfschool\/"]}]}},"_links":{"self":[{"href":"https:\/\/estasurfschool.net\/de\/wp-json\/wp\/v2\/pages\/5393","targetHints":{"allow":["GET"]}}],"collection":[{"href":"https:\/\/estasurfschool.net\/de\/wp-json\/wp\/v2\/pages"}],"about":[{"href":"https:\/\/estasurfschool.net\/de\/wp-json\/wp\/v2\/types\/page"}],"author":[{"embeddable":true,"href":"https:\/\/estasurfschool.net\/de\/wp-json\/wp\/v2\/users\/1"}],"replies":[{"embeddable":true,"href":"https:\/\/estasurfschool.net\/de\/wp-json\/wp\/v2\/comments?post=5393"}],"version-history":[{"count":3,"href":"https:\/\/estasurfschool.net\/de\/wp-json\/wp\/v2\/pages\/5393\/revisions"}],"predecessor-version":[{"id":5396,"href":"https:\/\/estasurfschool.net\/de\/wp-json\/wp\/v2\/pages\/5393\/revisions\/5396"}],"wp:attachment":[{"href":"https:\/\/estasurfschool.net\/de\/wp-json\/wp\/v2\/media?parent=5393"}],"curies":[{"name":"wp","href":"https:\/\/api.w.org\/{rel}","templated":true}]}}