{"id":5415,"date":"2023-05-25T14:59:54","date_gmt":"2023-05-25T14:59:54","guid":{"rendered":"https:\/\/estasurfschool.net\/rechtliche-hinweise\/"},"modified":"2023-06-28T14:43:18","modified_gmt":"2023-06-28T14:43:18","slug":"rechtliche-hinweise","status":"publish","type":"page","link":"https:\/\/estasurfschool.net\/de\/rechtliche-hinweise\/","title":{"rendered":"Rechtliche Hinweise"},"content":{"rendered":"\n<h1 class=\"wp-block-heading\">Rechtliche Hinweise<\/h1>\n\n<p><strong>Herausgeber der Website :<\/strong><\/p>\n\n<p>Esta Surf School SIRET-Nummer :<\/p>\n\n<p>Redaktioneller Verantwortlicher: CAVADAS Fran\u00e7ois<\/p>\n\n<p>AIME 2000 73210 AIME-LA-PLAGNE<\/p>\n\n<p>Telefon: +33 6 67 78 33 66<\/p>\n\n<p>E-Mail: info@estasurfschool.net<\/p>\n\n<p>Website: estasurfschool.net<\/p>\n\n<p><strong>Unterbringung :<\/strong><\/p>\n\n<p>Host: O2SWITCH<br\/>Chem. des Pardiaux, 63000 Clermont-Ferrand<\/p>\n\n<p>Website: O2SWITCH.DE<\/p>\n\n<p><strong>Entwicklung<\/strong><strong> :<\/strong><\/p>\n\n<p>Antoine Broin<\/p>\n\n<p>Adresse: 115 all\u00e9e des cam\u00e9lias, St-Vincent-de-Tyrosse<\/p>\n\n<p>Website: antoinebroin.de<\/p>\n\n<p><strong>Nutzungsbedingungen :<\/strong><\/p>\n\n<p>Diese Website wird in verschiedenen Websprachen (HTML, HTML5, Javascript, CSS usw.) angeboten, um eine bessere Benutzerfreundlichkeit und eine ansprechendere Grafik zu gew\u00e4hrleisten.<\/p>\n\n<p>Wir empfehlen Ihnen, moderne Browser wie Internet Explorer, Safari, Firefox, Google Chrome usw. zu verwenden.<\/p>\n\n<p>Esta Surf School setzt alle ihr zur Verf\u00fcgung stehenden Mittel ein, um zuverl\u00e4ssige Informationen und eine zuverl\u00e4ssige Aktualisierung ihrer Websites zu gew\u00e4hrleisten.<\/p>\n\n<p>Es kann jedoch zu Fehlern oder Auslassungen kommen. Der Internetnutzer muss sich daher bei Esta Surf School \u00fcber die Richtigkeit der Informationen vergewissern und alle \u00c4nderungen an der Website melden, die er f\u00fcr n\u00fctzlich h\u00e4lt. Esta Surf School ist in keiner Weise verantwortlich f\u00fcr die Nutzung dieser Informationen und f\u00fcr alle direkten oder indirekten Sch\u00e4den, die sich daraus ergeben k\u00f6nnen.<\/p>\n\n<p><strong>Cookies<\/strong>: Die Website estasurfschool.net kann Sie m\u00f6glicherweise auffordern, die Annahme von Cookies f\u00fcr statistische Zwecke und zur Anzeige zu akzeptieren. Ein Cookie ist eine Information, die vom Server der Website, die Sie besuchen, auf Ihrer Festplatte abgelegt wird.<\/p>\n\n<p>Er enth\u00e4lt verschiedene Daten, die auf Ihrem Computer in einer einfachen Textdatei gespeichert werden, auf die ein Server zugreift, um Informationen zu lesen und zu speichern. Einige Teile dieser Website k\u00f6nnen ohne die Annahme von Cookies nicht funktionsf\u00e4hig sein.<\/p>\n\n<p><strong>Hyperlinks:<\/strong> Die Webseiten von k\u00f6nnen Links zu anderen Webseiten oder anderen im Internet verf\u00fcgbaren Ressourcen anbieten. estasurfschool.net verf\u00fcgt \u00fcber keinerlei Mittel, um die mit ihren Websites verbundenen Websites zu kontrollieren.<\/p>\n\n<p>Esta Surf School haftet nicht f\u00fcr die Verf\u00fcgbarkeit solcher Websites und externer Quellen und garantiert diese auch nicht. Sie kann nicht f\u00fcr Sch\u00e4den jeglicher Art haftbar gemacht werden, die sich aus dem Inhalt dieser Websites oder externen Quellen ergeben, insbesondere nicht f\u00fcr Informationen, Produkte oder Dienstleistungen, die dort angeboten werden, oder f\u00fcr jegliche Nutzung, die aus diesen Elementen resultiert. Die mit dieser Nutzung verbundenen Risiken liegen vollst\u00e4ndig beim Internetnutzer, der sich an deren Nutzungsbedingungen halten muss.<\/p>\n\n<p>Nutzer, Abonnenten und Besucher der Websites d\u00fcrfen ohne die ausdr\u00fcckliche vorherige Genehmigung des Esta Surf School Workshops keinen Hyperlink zu dieser Website einrichten.<\/p>\n\n<p>Wenn ein Nutzer oder Besucher einen Hyperlink zu einer der Websites von Esta Surf School einrichten m\u00f6chte, muss er eine auf der Website zug\u00e4ngliche E-Mail senden, um seinen Antrag auf Einrichtung eines Hyperlinks zu formulieren.<\/p>\n\n<p>Esta Surf School beh\u00e4lt sich das Recht vor, einen Hyperlink zu akzeptieren oder abzulehnen, ohne dass sie ihre Entscheidung begr\u00fcnden muss.<\/p>\n\n<p><strong>Erbrachte Dienstleistungen :<\/strong><\/p>\n\n<p>Alle Aktivit\u00e4ten des Unternehmens und seine Informationen sind auf unserer Website a<\/p>\n\n<p>Esta Surf School bem\u00fcht sich, auf der Website estasurfschool.net so genaue Informationen wie m\u00f6glich zur Verf\u00fcgung zu stellen. Die Informationen auf der Website estasurfschool.net sind nicht ersch\u00f6pfend und die Fotos sind nicht vertraglich bindend.<\/p>\n\n<p>Sie sind vorbehaltlich aller \u00c4nderungen, die seit ihrer Ver\u00f6ffentlichung vorgenommen wurden. Dar\u00fcber hinaus sind alle auf der Website estasurfschool.net angegebenen Informationen unverbindlich und k\u00f6nnen sich ohne Vorank\u00fcndigung \u00e4ndern oder weiterentwickeln.<\/p>\n\n<p><strong>Vertragliche Beschr\u00e4nkungen der Daten :<\/strong><\/p>\n\n<p>Die Informationen auf dieser Website sind so genau wie m\u00f6glich und die Website wird zu verschiedenen Zeiten des Jahres aktualisiert, kann aber dennoch Ungenauigkeiten oder Auslassungen enthalten.<\/p>\n\n<p>Wenn Sie eine L\u00fccke, einen Fehler oder eine scheinbare Fehlfunktion feststellen, melden Sie dies bitte per E-Mail an info@estasurfschool.net und beschreiben Sie das Problem so genau wie m\u00f6glich (Seite, auf der das Problem auftritt, Art des verwendeten Computers und Browsers, &#8230;).<\/p>\n\n<p>Alle heruntergeladenen Inhalte erfolgen auf Risiko des Nutzers und unter seiner alleinigen Verantwortung. Folglich kann der Autor nicht f\u00fcr Sch\u00e4den am Computer des Nutzers oder f\u00fcr Datenverluste infolge des Downloads haftbar gemacht werden.<\/p>\n\n<p>Dar\u00fcber hinaus verpflichtet sich der Nutzer der Website, auf die Website mit einer aktuellen Hardware zuzugreifen, die keine Viren enth\u00e4lt, und mit einem Browser der neuesten Generation, der auf den neuesten Stand gebracht wurde.<\/p>\n\n<p>Die Esta Surf School haftet nicht f\u00fcr Hyperlinks, die im Rahmen dieser Website zu anderen Ressourcen im Internet eingerichtet wurden.<\/p>\n\n<p><strong>Geistiges Eigentum :<\/strong><\/p>\n\n<p>Der gesamte Inhalt der Website estasurfschool.net, einschlie\u00dflich, aber nicht beschr\u00e4nkt auf, Grafiken, Bilder, Texte, Videos, Animationen, Sounds, Logos, Gifs und Icons sowie deren Formatierung sind das ausschlie\u00dfliche Eigentum des Unternehmens, mit Ausnahme von Marken, Logos oder Inhalten, die anderen Partnerunternehmen oder Autoren geh\u00f6ren.<\/p>\n\n<p>Jede auch nur teilweise Vervielf\u00e4ltigung, Verbreitung, \u00c4nderung, Anpassung, Weiterleitung oder Ver\u00f6ffentlichung dieser verschiedenen Elemente ist ohne die ausdr\u00fcckliche schriftliche Genehmigung von Esta Surf School strengstens untersagt. Diese Darstellung oder Vervielf\u00e4ltigung, durch welches Verfahren auch immer, stellt eine F\u00e4lschung dar, die nach den Artikeln L.335-2 ff. des Gesetzes \u00fcber geistiges Eigentum bestraft wird. Die Nichtbeachtung dieses Verbots stellt eine F\u00e4lschung dar, f\u00fcr die der F\u00e4lscher zivil- und strafrechtlich haftbar gemacht werden kann. Dar\u00fcber hinaus k\u00f6nnten die Eigent\u00fcmer der kopierten Inhalte rechtliche Schritte gegen Sie einleiten.<\/p>\n\n<p><strong>Anmeldung bei der CNIL :<\/strong><\/p>\n\n<p>Gem\u00e4\u00df dem Gesetz 78-17 vom 6. Januar 1978 (ge\u00e4ndert durch das Gesetz 2004-801 vom 6. August 2004 \u00fcber den Schutz nat\u00fcrlicher Personen bei der Verarbeitung personenbezogener Daten) \u00fcber Informatik, Dateien und Freiheiten ist diese Website Gegenstand einer Erkl\u00e4rung 1656629 bei der Commission nationale de l&#8217;informatique et des libert\u00e9s (Nationale Kommission f\u00fcr Informatik und Freiheiten) (<a href=\"https:\/\/www.cnil.fr\/\">www.cnil.fr)<\/a>.<\/p>\n\n<p><strong>Rechtsstreitigkeiten :<\/strong><\/p>\n\n<p>Die vorliegenden Bedingungen der Website estasurfschool.net unterliegen den franz\u00f6sischen Gesetzen und alle Streitigkeiten, die sich aus der Auslegung oder Ausf\u00fchrung dieser Bedingungen ergeben k\u00f6nnten, unterliegen der ausschlie\u00dflichen Zust\u00e4ndigkeit der Gerichte, in deren Zust\u00e4ndigkeitsbereich der Firmensitz des Unternehmens liegt. Die Referenzsprache f\u00fcr die Beilegung etwaiger Streitigkeiten ist Franz\u00f6sisch.<\/p>\n\n<p><strong>Pers\u00f6nliche Daten :<\/strong><\/p>\n\n<p>Im Allgemeinen sind Sie nicht verpflichtet, uns Ihre pers\u00f6nlichen Daten mitzuteilen, wenn Sie unsere Website estasurfschool.net besuchen.<\/p>\n\n<p>Zu diesem Grundsatz gibt es jedoch einige Ausnahmen. F\u00fcr bestimmte Dienstleistungen, die auf unserer Website angeboten werden, m\u00fcssen Sie uns m\u00f6glicherweise bestimmte Daten mitteilen, wie z. B.: Ihren Namen, Ihre Funktion, den Namen Ihres Unternehmens, Ihre E-Mail-Adresse und Ihre Telefonnummer. Dies ist der Fall, wenn Sie das Formular ausf\u00fcllen, das Ihnen online unter der Rubrik &#8222;Kontakt&#8220; angeboten wird.<\/p>\n\n<p>In jedem Fall k\u00f6nnen Sie die Bereitstellung Ihrer pers\u00f6nlichen Daten verweigern. In diesem Fall k\u00f6nnen Sie die Dienste der Website nicht nutzen, insbesondere den Service, Informationen \u00fcber unser Unternehmen anzufordern oder Newsletter zu erhalten.<\/p>\n\n<p>Schlie\u00dflich k\u00f6nnen wir automatisch bestimmte Informationen \u00fcber Sie sammeln, wenn Sie einfach nur auf unserer Website surfen, darunter: Informationen \u00fcber die Nutzung unserer Website, z. B. die Bereiche, die Sie besuchen, und die Dienste, auf die Sie zugreifen, Ihre  <a href=\"https:\/\/www.anthedesign.fr\/hebergement-web\/adresse-ip\/\">IP-Adresse<\/a>Die Daten, die Sie uns zur Verf\u00fcgung stellen, sind: Ihr Browser-Typ, Ihre Zugriffszeiten.<\/p>\n\n<p>Solche Informationen werden ausschlie\u00dflich f\u00fcr interne statistische Zwecke verwendet, um die Qualit\u00e4t der Ihnen angebotenen Dienstleistungen zu verbessern. Die Datenbanken sind durch die Bestimmungen des Gesetzes vom 1. Juli 1998 zur Umsetzung der Richtlinie 96\/9 vom 11. M\u00e4rz 1996 \u00fcber den rechtlichen Schutz von Datenbanken gesch\u00fctzt.<\/p>\n","protected":false},"excerpt":{"rendered":"<p>Rechtliche Hinweise Herausgeber der Website : Esta Surf School SIRET-Nummer : Redaktioneller Verantwortlicher: CAVADAS Fran\u00e7ois AIME 2000 73210 AIME-LA-PLAGNE Telefon: +33 6 67 78 33 66 E-Mail: info@estasurfschool.net Website: estasurfschool.net Unterbringung : Host: O2SWITCHChem. des Pardiaux, 63000 Clermont-Ferrand Website: O2SWITCH.DE&#8230;<\/p>\n","protected":false},"author":1,"featured_media":0,"parent":0,"menu_order":0,"comment_status":"closed","ping_status":"closed","template":"","meta":{"footnotes":""},"class_list":["post-5415","page","type-page","status-publish","hentry"],"yoast_head":"<!-- This site is optimized with the Yoast SEO plugin v26.6 - https:\/\/yoast.com\/wordpress\/plugins\/seo\/ -->\n<title>Rechtliche Hinweise | Esta Surf School<\/title>\n<meta name=\"robots\" content=\"index, follow, max-snippet:-1, max-image-preview:large, max-video-preview:-1\" \/>\n<link rel=\"canonical\" href=\"https:\/\/estasurfschool.net\/de\/rechtliche-hinweise\/\" \/>\n<meta property=\"og:locale\" content=\"de_DE\" \/>\n<meta property=\"og:type\" content=\"article\" \/>\n<meta property=\"og:title\" content=\"Rechtliche Hinweise | Esta Surf School\" \/>\n<meta property=\"og:description\" content=\"Rechtliche Hinweise Herausgeber der Website : Esta Surf School SIRET-Nummer : Redaktioneller Verantwortlicher: CAVADAS Fran\u00e7ois AIME 2000 73210 AIME-LA-PLAGNE Telefon: +33 6 67 78 33 66 E-Mail: info@estasurfschool.net Website: estasurfschool.net Unterbringung : Host: O2SWITCHChem. des Pardiaux, 63000 Clermont-Ferrand Website: O2SWITCH.DE...\" \/>\n<meta property=\"og:url\" content=\"https:\/\/estasurfschool.net\/de\/rechtliche-hinweise\/\" \/>\n<meta property=\"og:site_name\" content=\"Esta Surf School\" \/>\n<meta property=\"article:publisher\" content=\"https:\/\/www.facebook.com\/estasurfschool\/\" \/>\n<meta property=\"article:modified_time\" content=\"2023-06-28T14:43:18+00:00\" \/>\n<meta property=\"og:image\" content=\"https:\/\/estasurfschool.net\/wp-content\/uploads\/2023\/03\/cropped-Logo_Esta_Surf_School_2021-compresse.png\" \/>\n\t<meta property=\"og:image:width\" content=\"995\" \/>\n\t<meta property=\"og:image:height\" content=\"997\" \/>\n\t<meta property=\"og:image:type\" content=\"image\/png\" \/>\n<meta name=\"twitter:card\" content=\"summary_large_image\" \/>\n<meta name=\"twitter:label1\" content=\"Gesch\u00e4tzte Lesezeit\" \/>\n\t<meta name=\"twitter:data1\" content=\"6\u00a0Minuten\" \/>\n<script type=\"application\/ld+json\" class=\"yoast-schema-graph\">{\"@context\":\"https:\/\/schema.org\",\"@graph\":[{\"@type\":\"WebPage\",\"@id\":\"https:\/\/estasurfschool.net\/de\/rechtliche-hinweise\/\",\"url\":\"https:\/\/estasurfschool.net\/de\/rechtliche-hinweise\/\",\"name\":\"Rechtliche Hinweise | Esta Surf School\",\"isPartOf\":{\"@id\":\"https:\/\/estasurfschool.net\/de\/#website\"},\"datePublished\":\"2023-05-25T14:59:54+00:00\",\"dateModified\":\"2023-06-28T14:43:18+00:00\",\"breadcrumb\":{\"@id\":\"https:\/\/estasurfschool.net\/de\/rechtliche-hinweise\/#breadcrumb\"},\"inLanguage\":\"de\",\"potentialAction\":[{\"@type\":\"ReadAction\",\"target\":[\"https:\/\/estasurfschool.net\/de\/rechtliche-hinweise\/\"]}]},{\"@type\":\"BreadcrumbList\",\"@id\":\"https:\/\/estasurfschool.net\/de\/rechtliche-hinweise\/#breadcrumb\",\"itemListElement\":[{\"@type\":\"ListItem\",\"position\":1,\"name\":\"Accueil\",\"item\":\"https:\/\/estasurfschool.net\/de\/\"},{\"@type\":\"ListItem\",\"position\":2,\"name\":\"Rechtliche Hinweise\"}]},{\"@type\":\"WebSite\",\"@id\":\"https:\/\/estasurfschool.net\/de\/#website\",\"url\":\"https:\/\/estasurfschool.net\/de\/\",\"name\":\"Esta Surf School\",\"description\":\"Ecole de surf \u00e0 Seignosse\",\"publisher\":{\"@id\":\"https:\/\/estasurfschool.net\/de\/#organization\"},\"potentialAction\":[{\"@type\":\"SearchAction\",\"target\":{\"@type\":\"EntryPoint\",\"urlTemplate\":\"https:\/\/estasurfschool.net\/de\/?s={search_term_string}\"},\"query-input\":{\"@type\":\"PropertyValueSpecification\",\"valueRequired\":true,\"valueName\":\"search_term_string\"}}],\"inLanguage\":\"de\"},{\"@type\":\"Organization\",\"@id\":\"https:\/\/estasurfschool.net\/de\/#organization\",\"name\":\"Esta Surf School\",\"url\":\"https:\/\/estasurfschool.net\/de\/\",\"logo\":{\"@type\":\"ImageObject\",\"inLanguage\":\"de\",\"@id\":\"https:\/\/estasurfschool.net\/de\/#\/schema\/logo\/image\/\",\"url\":\"https:\/\/estasurfschool.net\/wp-content\/uploads\/2023\/03\/Logo-Esta-fondgood.png\",\"contentUrl\":\"https:\/\/estasurfschool.net\/wp-content\/uploads\/2023\/03\/Logo-Esta-fondgood.png\",\"width\":567,\"height\":567,\"caption\":\"Esta Surf School\"},\"image\":{\"@id\":\"https:\/\/estasurfschool.net\/de\/#\/schema\/logo\/image\/\"},\"sameAs\":[\"https:\/\/www.facebook.com\/estasurfschool\/\",\"https:\/\/www.instagram.com\/estasurfschool\/\"]}]}<\/script>\n<!-- \/ Yoast SEO plugin. -->","yoast_head_json":{"title":"Rechtliche Hinweise | Esta Surf School","robots":{"index":"index","follow":"follow","max-snippet":"max-snippet:-1","max-image-preview":"max-image-preview:large","max-video-preview":"max-video-preview:-1"},"canonical":"https:\/\/estasurfschool.net\/de\/rechtliche-hinweise\/","og_locale":"de_DE","og_type":"article","og_title":"Rechtliche Hinweise | Esta Surf School","og_description":"Rechtliche Hinweise Herausgeber der Website : Esta Surf School SIRET-Nummer : Redaktioneller Verantwortlicher: CAVADAS Fran\u00e7ois AIME 2000 73210 AIME-LA-PLAGNE Telefon: +33 6 67 78 33 66 E-Mail: info@estasurfschool.net Website: estasurfschool.net Unterbringung : Host: O2SWITCHChem. des Pardiaux, 63000 Clermont-Ferrand Website: O2SWITCH.DE...","og_url":"https:\/\/estasurfschool.net\/de\/rechtliche-hinweise\/","og_site_name":"Esta Surf School","article_publisher":"https:\/\/www.facebook.com\/estasurfschool\/","article_modified_time":"2023-06-28T14:43:18+00:00","og_image":[{"width":995,"height":997,"url":"https:\/\/estasurfschool.net\/wp-content\/uploads\/2023\/03\/cropped-Logo_Esta_Surf_School_2021-compresse.png","type":"image\/png"}],"twitter_card":"summary_large_image","twitter_misc":{"Gesch\u00e4tzte Lesezeit":"6\u00a0Minuten"},"schema":{"@context":"https:\/\/schema.org","@graph":[{"@type":"WebPage","@id":"https:\/\/estasurfschool.net\/de\/rechtliche-hinweise\/","url":"https:\/\/estasurfschool.net\/de\/rechtliche-hinweise\/","name":"Rechtliche Hinweise | Esta Surf School","isPartOf":{"@id":"https:\/\/estasurfschool.net\/de\/#website"},"datePublished":"2023-05-25T14:59:54+00:00","dateModified":"2023-06-28T14:43:18+00:00","breadcrumb":{"@id":"https:\/\/estasurfschool.net\/de\/rechtliche-hinweise\/#breadcrumb"},"inLanguage":"de","potentialAction":[{"@type":"ReadAction","target":["https:\/\/estasurfschool.net\/de\/rechtliche-hinweise\/"]}]},{"@type":"BreadcrumbList","@id":"https:\/\/estasurfschool.net\/de\/rechtliche-hinweise\/#breadcrumb","itemListElement":[{"@type":"ListItem","position":1,"name":"Accueil","item":"https:\/\/estasurfschool.net\/de\/"},{"@type":"ListItem","position":2,"name":"Rechtliche Hinweise"}]},{"@type":"WebSite","@id":"https:\/\/estasurfschool.net\/de\/#website","url":"https:\/\/estasurfschool.net\/de\/","name":"Esta Surf School","description":"Ecole de surf \u00e0 Seignosse","publisher":{"@id":"https:\/\/estasurfschool.net\/de\/#organization"},"potentialAction":[{"@type":"SearchAction","target":{"@type":"EntryPoint","urlTemplate":"https:\/\/estasurfschool.net\/de\/?s={search_term_string}"},"query-input":{"@type":"PropertyValueSpecification","valueRequired":true,"valueName":"search_term_string"}}],"inLanguage":"de"},{"@type":"Organization","@id":"https:\/\/estasurfschool.net\/de\/#organization","name":"Esta Surf School","url":"https:\/\/estasurfschool.net\/de\/","logo":{"@type":"ImageObject","inLanguage":"de","@id":"https:\/\/estasurfschool.net\/de\/#\/schema\/logo\/image\/","url":"https:\/\/estasurfschool.net\/wp-content\/uploads\/2023\/03\/Logo-Esta-fondgood.png","contentUrl":"https:\/\/estasurfschool.net\/wp-content\/uploads\/2023\/03\/Logo-Esta-fondgood.png","width":567,"height":567,"caption":"Esta Surf School"},"image":{"@id":"https:\/\/estasurfschool.net\/de\/#\/schema\/logo\/image\/"},"sameAs":["https:\/\/www.facebook.com\/estasurfschool\/","https:\/\/www.instagram.com\/estasurfschool\/"]}]}},"_links":{"self":[{"href":"https:\/\/estasurfschool.net\/de\/wp-json\/wp\/v2\/pages\/5415","targetHints":{"allow":["GET"]}}],"collection":[{"href":"https:\/\/estasurfschool.net\/de\/wp-json\/wp\/v2\/pages"}],"about":[{"href":"https:\/\/estasurfschool.net\/de\/wp-json\/wp\/v2\/types\/page"}],"author":[{"embeddable":true,"href":"https:\/\/estasurfschool.net\/de\/wp-json\/wp\/v2\/users\/1"}],"replies":[{"embeddable":true,"href":"https:\/\/estasurfschool.net\/de\/wp-json\/wp\/v2\/comments?post=5415"}],"version-history":[{"count":1,"href":"https:\/\/estasurfschool.net\/de\/wp-json\/wp\/v2\/pages\/5415\/revisions"}],"predecessor-version":[{"id":5416,"href":"https:\/\/estasurfschool.net\/de\/wp-json\/wp\/v2\/pages\/5415\/revisions\/5416"}],"wp:attachment":[{"href":"https:\/\/estasurfschool.net\/de\/wp-json\/wp\/v2\/media?parent=5415"}],"curies":[{"name":"wp","href":"https:\/\/api.w.org\/{rel}","templated":true}]}}