{"id":5619,"date":"2023-03-30T15:44:50","date_gmt":"2023-03-30T15:44:50","guid":{"rendered":"https:\/\/estasurfschool.net\/condiciones-generales-de-venta\/"},"modified":"2023-06-28T15:19:08","modified_gmt":"2023-06-28T15:19:08","slug":"condiciones-generales-de-venta","status":"publish","type":"page","link":"https:\/\/estasurfschool.net\/es\/condiciones-generales-de-venta\/","title":{"rendered":"Condiciones generales de venta"},"content":{"rendered":"\n<h2 class=\"wp-block-heading\">Art. 1 &#8211; Inscripci\u00f3n \/ reserva<\/h2>\n\n<h3 class=\"wp-block-heading\">1.1 &#8211; En los establecimientos<\/h3>\n\n<p>La reserva implica el pago \u00edntegro del servicio y la aceptaci\u00f3n de nuestras condiciones.<br\/><br\/>Las reservas o inscripciones pueden hacerse en :<br\/>&#8211; En la recepci\u00f3n<br\/>&#8211; Por correo<br\/>&#8211; En l\u00ednea<br\/><br\/>La inscripci\u00f3n no se considerar\u00e1 definitiva hasta que se haya recibido el pago completo al comienzo de la primera clase.<br\/><br\/>Las clases en grupo se organizan para un m\u00ednimo de 3 personas.<\/p>\n\n<h3 class=\"wp-block-heading\">1.2 &#8211; En l\u00ednea<\/h3>\n\n<p>El sitio web vende :<\/p>\n\n<ul class=\"wp-block-list\">\n<li>1h30 clase de surf con equipo incluido (Tabla \/Shorty \/ o Trajes de neopreno)<\/li>\n\n\n\n<li>Clases de nataci\u00f3n: 20 minutos \/ 4 personas m\u00e1ximo.<\/li>\n<\/ul>\n\n<p>El cliente declara haber le\u00eddo y aceptado las condiciones generales de venta antes de realizar su pedido. La confirmaci\u00f3n de su pedido implica, por tanto, la aceptaci\u00f3n de las condiciones generales de venta.<\/p>\n\n<p>Tarifa 2023<\/p>\n\n<ul class=\"wp-block-list\">\n<li>1 clase de surf: 35\u20ac \/ curso de 3 sesiones: 100\u20ac \/ curso de 5 sesiones: 160\u20ac \/ curso de 5 sesiones para una familia de 3: 150\u20ac.<\/li>\n\n\n\n<li>1 clase particular: 90 euros \/ 1 clase particular para 2 personas: 140 euros<\/li>\n\n\n\n<li>1 clase de Surf y Yoga: 40<\/li>\n\n\n\n<li>1 clase de nataci\u00f3n: 20 euros \/ Curso de nataci\u00f3n de 5 sesiones \/ Curso de nataci\u00f3n de 10 sesiones: 160 euros \/ 1 clase particular para 1 persona: 35 euros<\/li>\n\n\n\n<li>Aquagym \/ Acuafobia \/ Nataci\u00f3n en el mar: 20 euros<\/li>\n<\/ul>\n\n<p>Para hacer un pedido en nuestro sitio, elija su servicio y a\u00f1\u00e1dalo a la cesta. A continuaci\u00f3n, valide su cesta seg\u00fan proceda:<\/p>\n\n<ul class=\"wp-block-list\">\n<li>Si ya tiene una cuenta de cliente en nuestro sitio, inicie sesi\u00f3n.<\/li>\n\n\n\n<li>Si no tiene una cuenta de cliente en nuestro sitio web, cree una<\/li>\n<\/ul>\n\n<p>Seg\u00fan los casos :<\/p>\n\n<ul class=\"wp-block-list\">\n<li>Marque la casilla \u00abpago\u00bb para completar su pedido en l\u00ednea;  <\/li>\n\n\n\n<li>Elija su m\u00e9todo de pago y marque la casilla \u00abAceptaci\u00f3n de las CGV\u00bb;<\/li>\n<\/ul>\n\n<p>Seg\u00fan los casos :  <\/p>\n\n<ul class=\"wp-block-list\">\n<li>Aceptamos el pago con tarjeta de cr\u00e9dito (Visa \/ Master card \/ Eurocard). Al pagar en l\u00ednea, introduzca el n\u00famero de su tarjeta de cr\u00e9dito, la fecha de caducidad y el n\u00famero de 3 d\u00edgitos que figura en el reverso de la tarjeta. El pago en l\u00ednea es seguro<\/li>\n<\/ul>\n\n<p>Exigimos el pago \u00edntegro del pedido.<br\/>Toda anulaci\u00f3n efectuada por el cliente dentro de los 10 d\u00edas siguientes a la fecha de inicio del curso dar\u00e1 lugar al cobro del 30% del coste total del servicio.<\/p>\n\n<p>El servicio se reembolsar\u00e1 \u00edntegramente. El pago se efectuar\u00e1 por transferencia bancaria lo antes posible y, a m\u00e1s tardar, en los 30 d\u00edas siguientes al ejercicio del derecho de desistimiento.<\/p>\n\n<p><br\/>Confirme su pago.<br\/><\/p>\n\n<p>Recibir\u00e1 un correo electr\u00f3nico de confirmaci\u00f3n de su pedido en la direcci\u00f3n de correo electr\u00f3nico que indic\u00f3 al crear su cuenta de cliente.<br\/>Compruebe los detalles y el importe total de su pedido. Corrija cualquier error antes de aceptar.<\/p>\n\n<p><br\/>La aceptaci\u00f3n definitiva del servicio s\u00f3lo tendr\u00e1 lugar una vez que el pedido haya sido abonado en su totalidad.<br\/><\/p>\n\n<p>De conformidad con el art\u00edculo 1147 del C\u00f3digo Civil franc\u00e9s, quedamos autom\u00e1ticamente obligados contractualmente frente a usted en caso de incumplimiento o ejecuci\u00f3n incorrecta del contrato suscrito.<br\/>Sin embargo, no se nos podr\u00e1 exigir responsabilidad contractual en las situaciones que se indican a continuaci\u00f3n:<\/p>\n\n<ul class=\"wp-block-list\">\n<li>Fuerza mayor<\/li>\n\n\n\n<li>Un acontecimiento externo del que no somos responsables<\/li>\n\n\n\n<li>Las fotos, ilustraciones e im\u00e1genes de nuestro sitio no tienen valor contractual. Por lo tanto, no aceptamos ninguna responsabilidad por ellos.<\/li>\n<\/ul>\n\n<h2 class=\"wp-block-heading\">Art. 2 &#8211; Formas de pago<\/h2>\n\n<ul class=\"wp-block-list\">\n<li>CB<\/li>\n\n\n\n<li>Cheques a la orden de Fran\u00e7ois Cavadas<\/li>\n\n\n\n<li>Especie<\/li>\n\n\n\n<li>Transferencia<\/li>\n<\/ul>\n\n<p>Escuela de surf RIB ESTA SURF SCHOOL :<\/p>\n\n<p class=\"has-background\" style=\"background-color:#ffe597\">Sr. CAVADAS Fran\u00e7ois en Cr\u00e9dit Agricole Aquitaine<br\/>IBAN: FR76 1330 6009 8823 0998 2114 066<br\/>BIC : AGRIFRPP833<\/p>\n\n<h2 class=\"wp-block-heading\">Art. 3 &#8211; Contraindicaciones m\u00e9dicas<\/h2>\n\n<p>Los alumnos no deben tener ninguna contraindicaci\u00f3n m\u00e9dica para la pr\u00e1ctica del surf y deben informarnos de cualquier problema de salud, aunque sea leve, en el momento de la inscripci\u00f3n.<\/p>\n\n<h2 class=\"wp-block-heading\">Art. 4 &#8211; Anulaci\u00f3n de cursos<\/h2>\n\n<p>Toda anulaci\u00f3n efectuada por el cliente en los 10 d\u00edas siguientes a la fecha de inicio del curso dar\u00e1 lugar a la retenci\u00f3n del 30% del coste total del servicio.<\/p>\n\n<p>Todo curso iniciado deber\u00e1 ser abonado y la salida anticipada no dar\u00e1 lugar a una solicitud de reembolso.<\/p>\n\n<p>En caso de condiciones meteorol\u00f3gicas adversas (especialmente tormentas, mar gruesa, contaminaci\u00f3n, etc.), los cursos que no puedan realizarse en el marco del servicio contratado ser\u00e1n sustituidos, con el acuerdo del alumno, por actividades alternativas o aplazados a una fecha posterior.<\/p>\n\n<p>Si no es posible una sustituci\u00f3n o reprogramaci\u00f3n, el curso se cancelar\u00e1 y se reembolsar\u00e1 al cliente.<\/p>\n\n<h2 class=\"wp-block-heading\">Art. 5 &#8211; Responsabilidad de la estructura<\/h2>\n\n<p>Los alumnos menores de edad contratados por Estasurfschool est\u00e1n bajo la responsabilidad de sus monitores exclusivamente dentro de la franja horaria reservada.  <br\/><br\/>Esto incluye la duraci\u00f3n de la clase y el tiempo necesario para asignar y devolver el equipo.<br\/><br\/>Volver\u00e1n a ser responsabilidad de sus padres o tutores tan pronto como finalice el servicio en cuesti\u00f3n.<br\/><br\/>Antes de dejar a su hijo con el monitor, los padres deben asegurarse de que la actividad prevista ha tenido lugar y de que el monitor est\u00e1 presente.<br\/><br\/>La responsabilidad civil de Estasurfschool con respecto a sus clientes cesa fuera de las franjas horarias reservadas para el servicio.<br\/><br\/>Se recomienda encarecidamente a los clientes que no dejen objetos de ning\u00fan tipo en los vestuarios (dinero, reloj, tel\u00e9fono, etc.). Estasurfschool no acepta ninguna responsabilidad por rotura, p\u00e9rdida o robo durante los servicios.<\/p>\n\n<h2 class=\"wp-block-heading\">Art. 6 &#8211; Compromiso con el cliente<\/h2>\n\n<p>Al registrarse en los servicios de Estasurfschool, los adultos, menores y padres aceptan los riesgos asociados a la navegaci\u00f3n en condiciones normales.<br\/><br\/>En particular, se comprometen a saber nadar 25 metros, a meter la cabeza bajo el agua y a no tener ninguna contraindicaci\u00f3n para la pr\u00e1ctica del surf.<\/p>\n\n<h2 class=\"wp-block-heading\">Art. 7 &#8211; Alquiler de material<\/h2>\n\n<p>El alquiler de material implica la aceptaci\u00f3n de las Condiciones Generales desde el momento de la inscripci\u00f3n, mediante la presentaci\u00f3n de un documento de identidad y la cumplimentaci\u00f3n del formulario de informaci\u00f3n y da\u00f1os.<br\/><br\/>Este alquiler ser\u00e1 efectivo en el momento del pago del dep\u00f3sito especificado en el art\u00edculo 1.<br\/><br\/>Los menores que no vayan acompa\u00f1ados de un tutor legal no podr\u00e1n alquilar material.<br\/><br\/>El arrendatario garantiza la suscripci\u00f3n de un seguro de responsabilidad civil.<\/p>\n\n<p>Estasurfschool ofrece :<\/p>\n\n<ul class=\"wp-block-list\">\n<li>Tabla de surf<\/li>\n\n\n\n<li>Combinaci\u00f3n<\/li>\n<\/ul>\n\n<p>El equipo deber\u00e1 devolverse al final del periodo de alquiler, de lo contrario se aplicar\u00e1 un cargo fijo de 10 euros por hora de retraso.<\/p>\n\n<p>El arrendatario es responsable del material durante el periodo de pr\u00e9stamo.<\/p>\n\n<h2 class=\"wp-block-heading\">Art. 8 &#8211; Responsabilidad<\/h2>\n\n<p>Art\u00edculo 1241 (1383) del C\u00f3digo Civil: Toda persona es responsable de los da\u00f1os que haya causado no s\u00f3lo por sus propios actos, sino tambi\u00e9n por su negligencia o imprudencia.<\/p>\n\n<p>Art\u00edculo 1242 (1384) del C\u00f3digo Civil: Una persona es responsable no s\u00f3lo de los da\u00f1os que causa por su propio acto, sino tambi\u00e9n de los causados por el acto de personas de las que es responsable, o por cosas de las que es responsable.<br\/>a su cuidado. No obstante, la persona que posea, a cualquier t\u00edtulo, la totalidad o parte del edificio o de los bienes muebles en los que se haya originado un incendio no ser\u00e1 responsable frente a terceros de los da\u00f1os causados por el incendio, a menos que se demuestre que los da\u00f1os han sido causados por su culpa o por la culpa de las personas de las que es responsable.<\/p>\n\n<h2 class=\"wp-block-heading\">Art. 9 &#8211; Reembolso por da\u00f1os al material<\/h2>\n\n<p>Tabla de surf<\/p>\n\n<ul class=\"wp-block-list\">\n<li>Aleta rota o perdida: 10 euros<\/li>\n\n\n\n<li>Rotura o p\u00e9rdida de una aleta de epoxi: 25 euros<\/li>\n\n\n\n<li>Correa rota o perdida: 15 euros<\/li>\n\n\n\n<li>Da\u00f1os en las planchas de espuma\/epoxi: de 50 a 100 euros, seg\u00fan la magnitud del da\u00f1o.<\/li>\n\n\n\n<li>Placas de espuma rotas por la mitad o perdidas: 250 euros<\/li>\n\n\n\n<li>Cualquier tabla de epoxi partida en dos o perdida: 350 euros<\/li>\n<\/ul>\n\n<p>Mono \/ Shorty<\/p>\n\n<ul class=\"wp-block-list\">\n<li>Pantalones cortos rotos: 30 euros<\/li>\n\n\n\n<li>Pantalones cortos perdidos: 70 euros<\/li>\n\n\n\n<li>Mono roto: 50 euros<\/li>\n\n\n\n<li>Traje perdido: 100 euros<\/li>\n<\/ul>\n\n<h2 class=\"wp-block-heading\">Art. 10 &#8211; Condiciones especiales para grupos<\/h2>\n\n<p>La inscripci\u00f3n se valida una vez aceptado el presupuesto y abonado el 30% del dep\u00f3sito.<\/p>\n\n<p>Cualquier cancelaci\u00f3n por parte del cliente dentro de los 10 d\u00edas siguientes a la fecha de inicio del curso dar\u00e1 lugar al cobro del dep\u00f3sito.<\/p>\n\n<h2 class=\"wp-block-heading\">Art. 11 &#8211; Facturaci\u00f3n<\/h2>\n\n<p>Se enviar\u00e1 una factura detallada al cliente que lo solicite a Estasurfschool, o a info@estasurfschool.net.<\/p>\n\n<h2 class=\"wp-block-heading\">Art. 12 &#8211; Precio de los servicios<\/h2>\n\n<p>Los precios de las clases de surf, cursos de surf y alquiler de tablas que aparecen en la p\u00e1gina web www.estasurfschool.net o en cualquier otro medio de comunicaci\u00f3n publicado por Estasurfschool se expresan en euros e incluyen todos los impuestos. Pueden modificarse en cualquier momento sin previo aviso. El precio se paga en met\u00e1lico el d\u00eda del pedido. Los precios son los vigentes en el momento de realizar el pedido, a reserva de errores tipogr\u00e1ficos o cambios en el tipo de IVA franc\u00e9s. Cualquier cambio en este tipo se reflejar\u00eda inmediatamente en los precios de venta.<\/p>\n\n<h2 class=\"wp-block-heading\">Art. 13 &#8211; Confidencialidad de los datos<\/h2>\n\n<p>Los datos personales facilitados por el cliente no se transmiten a terceros, a excepci\u00f3n de la plataforma de pago para la seguridad y el aseguramiento de los pagos en l\u00ednea. De conformidad con la Ley 78-17 de 6 de enero de 1978, los clientes tienen derecho a acceder y rectificar sus datos personales en cualquier momento. Para ejercer este derecho, basta con ponerse en contacto con Estasurfschool por correo postal. De conformidad con la Ley francesa de Protecci\u00f3n de Datos de 6 de enero de 1978, tiene derecho a acceder, rectificar y oponerse a todos sus datos personales en cualquier momento poni\u00e9ndose en contacto con nosotros por correo postal.<\/p>\n","protected":false},"excerpt":{"rendered":"<p>Art. 1 &#8211; Inscripci\u00f3n \/ reserva 1.1 &#8211; En los establecimientos La reserva implica el pago \u00edntegro del servicio y la aceptaci\u00f3n de nuestras condiciones. Las reservas o inscripciones pueden hacerse en :&#8211; En la recepci\u00f3n&#8211; Por correo&#8211; En l\u00ednea&#8230;<\/p>\n","protected":false},"author":1,"featured_media":0,"parent":0,"menu_order":0,"comment_status":"closed","ping_status":"closed","template":"","meta":{"footnotes":""},"class_list":["post-5619","page","type-page","status-publish","hentry"],"yoast_head":"<!-- This site is optimized with the Yoast SEO plugin v26.6 - https:\/\/yoast.com\/wordpress\/plugins\/seo\/ -->\n<title>Condiciones generales de venta | Esta Surf School<\/title>\n<meta name=\"robots\" content=\"index, follow, max-snippet:-1, max-image-preview:large, max-video-preview:-1\" \/>\n<link rel=\"canonical\" href=\"https:\/\/estasurfschool.net\/es\/condiciones-generales-de-venta\/\" \/>\n<meta property=\"og:locale\" content=\"es_ES\" \/>\n<meta property=\"og:type\" content=\"article\" \/>\n<meta property=\"og:title\" content=\"Condiciones generales de venta | Esta Surf School\" \/>\n<meta property=\"og:description\" content=\"Art. 1 &#8211; Inscripci\u00f3n \/ reserva 1.1 &#8211; En los establecimientos La reserva implica el pago \u00edntegro del servicio y la aceptaci\u00f3n de nuestras condiciones. Las reservas o inscripciones pueden hacerse en :&#8211; En la recepci\u00f3n&#8211; Por correo&#8211; En l\u00ednea...\" \/>\n<meta property=\"og:url\" content=\"https:\/\/estasurfschool.net\/es\/condiciones-generales-de-venta\/\" \/>\n<meta property=\"og:site_name\" content=\"Esta Surf School\" \/>\n<meta property=\"article:publisher\" content=\"https:\/\/www.facebook.com\/estasurfschool\/\" \/>\n<meta property=\"article:modified_time\" content=\"2023-06-28T15:19:08+00:00\" \/>\n<meta property=\"og:image\" content=\"https:\/\/estasurfschool.net\/wp-content\/uploads\/2023\/03\/cropped-Logo_Esta_Surf_School_2021-compresse.png\" \/>\n\t<meta property=\"og:image:width\" content=\"995\" \/>\n\t<meta property=\"og:image:height\" content=\"997\" \/>\n\t<meta property=\"og:image:type\" content=\"image\/png\" \/>\n<meta name=\"twitter:card\" content=\"summary_large_image\" \/>\n<meta name=\"twitter:label1\" content=\"Tiempo de lectura\" \/>\n\t<meta name=\"twitter:data1\" content=\"8 minutos\" \/>\n<script type=\"application\/ld+json\" class=\"yoast-schema-graph\">{\"@context\":\"https:\/\/schema.org\",\"@graph\":[{\"@type\":\"WebPage\",\"@id\":\"https:\/\/estasurfschool.net\/es\/condiciones-generales-de-venta\/\",\"url\":\"https:\/\/estasurfschool.net\/es\/condiciones-generales-de-venta\/\",\"name\":\"Condiciones generales de venta | Esta Surf School\",\"isPartOf\":{\"@id\":\"https:\/\/estasurfschool.net\/es\/#website\"},\"datePublished\":\"2023-03-30T15:44:50+00:00\",\"dateModified\":\"2023-06-28T15:19:08+00:00\",\"breadcrumb\":{\"@id\":\"https:\/\/estasurfschool.net\/es\/condiciones-generales-de-venta\/#breadcrumb\"},\"inLanguage\":\"es\",\"potentialAction\":[{\"@type\":\"ReadAction\",\"target\":[\"https:\/\/estasurfschool.net\/es\/condiciones-generales-de-venta\/\"]}]},{\"@type\":\"BreadcrumbList\",\"@id\":\"https:\/\/estasurfschool.net\/es\/condiciones-generales-de-venta\/#breadcrumb\",\"itemListElement\":[{\"@type\":\"ListItem\",\"position\":1,\"name\":\"Accueil\",\"item\":\"https:\/\/estasurfschool.net\/es\/\"},{\"@type\":\"ListItem\",\"position\":2,\"name\":\"Condiciones generales de venta\"}]},{\"@type\":\"WebSite\",\"@id\":\"https:\/\/estasurfschool.net\/es\/#website\",\"url\":\"https:\/\/estasurfschool.net\/es\/\",\"name\":\"Esta Surf School\",\"description\":\"Ecole de surf \u00e0 Seignosse\",\"publisher\":{\"@id\":\"https:\/\/estasurfschool.net\/es\/#organization\"},\"potentialAction\":[{\"@type\":\"SearchAction\",\"target\":{\"@type\":\"EntryPoint\",\"urlTemplate\":\"https:\/\/estasurfschool.net\/es\/?s={search_term_string}\"},\"query-input\":{\"@type\":\"PropertyValueSpecification\",\"valueRequired\":true,\"valueName\":\"search_term_string\"}}],\"inLanguage\":\"es\"},{\"@type\":\"Organization\",\"@id\":\"https:\/\/estasurfschool.net\/es\/#organization\",\"name\":\"Esta Surf School\",\"url\":\"https:\/\/estasurfschool.net\/es\/\",\"logo\":{\"@type\":\"ImageObject\",\"inLanguage\":\"es\",\"@id\":\"https:\/\/estasurfschool.net\/es\/#\/schema\/logo\/image\/\",\"url\":\"https:\/\/estasurfschool.net\/wp-content\/uploads\/2023\/03\/Logo-Esta-fondgood.png\",\"contentUrl\":\"https:\/\/estasurfschool.net\/wp-content\/uploads\/2023\/03\/Logo-Esta-fondgood.png\",\"width\":567,\"height\":567,\"caption\":\"Esta Surf School\"},\"image\":{\"@id\":\"https:\/\/estasurfschool.net\/es\/#\/schema\/logo\/image\/\"},\"sameAs\":[\"https:\/\/www.facebook.com\/estasurfschool\/\",\"https:\/\/www.instagram.com\/estasurfschool\/\"]}]}<\/script>\n<!-- \/ Yoast SEO plugin. -->","yoast_head_json":{"title":"Condiciones generales de venta | Esta Surf School","robots":{"index":"index","follow":"follow","max-snippet":"max-snippet:-1","max-image-preview":"max-image-preview:large","max-video-preview":"max-video-preview:-1"},"canonical":"https:\/\/estasurfschool.net\/es\/condiciones-generales-de-venta\/","og_locale":"es_ES","og_type":"article","og_title":"Condiciones generales de venta | Esta Surf School","og_description":"Art. 1 &#8211; Inscripci\u00f3n \/ reserva 1.1 &#8211; En los establecimientos La reserva implica el pago \u00edntegro del servicio y la aceptaci\u00f3n de nuestras condiciones. Las reservas o inscripciones pueden hacerse en :&#8211; En la recepci\u00f3n&#8211; Por correo&#8211; En l\u00ednea...","og_url":"https:\/\/estasurfschool.net\/es\/condiciones-generales-de-venta\/","og_site_name":"Esta Surf School","article_publisher":"https:\/\/www.facebook.com\/estasurfschool\/","article_modified_time":"2023-06-28T15:19:08+00:00","og_image":[{"width":995,"height":997,"url":"https:\/\/estasurfschool.net\/wp-content\/uploads\/2023\/03\/cropped-Logo_Esta_Surf_School_2021-compresse.png","type":"image\/png"}],"twitter_card":"summary_large_image","twitter_misc":{"Tiempo de lectura":"8 minutos"},"schema":{"@context":"https:\/\/schema.org","@graph":[{"@type":"WebPage","@id":"https:\/\/estasurfschool.net\/es\/condiciones-generales-de-venta\/","url":"https:\/\/estasurfschool.net\/es\/condiciones-generales-de-venta\/","name":"Condiciones generales de venta | Esta Surf School","isPartOf":{"@id":"https:\/\/estasurfschool.net\/es\/#website"},"datePublished":"2023-03-30T15:44:50+00:00","dateModified":"2023-06-28T15:19:08+00:00","breadcrumb":{"@id":"https:\/\/estasurfschool.net\/es\/condiciones-generales-de-venta\/#breadcrumb"},"inLanguage":"es","potentialAction":[{"@type":"ReadAction","target":["https:\/\/estasurfschool.net\/es\/condiciones-generales-de-venta\/"]}]},{"@type":"BreadcrumbList","@id":"https:\/\/estasurfschool.net\/es\/condiciones-generales-de-venta\/#breadcrumb","itemListElement":[{"@type":"ListItem","position":1,"name":"Accueil","item":"https:\/\/estasurfschool.net\/es\/"},{"@type":"ListItem","position":2,"name":"Condiciones generales de venta"}]},{"@type":"WebSite","@id":"https:\/\/estasurfschool.net\/es\/#website","url":"https:\/\/estasurfschool.net\/es\/","name":"Esta Surf School","description":"Ecole de surf \u00e0 Seignosse","publisher":{"@id":"https:\/\/estasurfschool.net\/es\/#organization"},"potentialAction":[{"@type":"SearchAction","target":{"@type":"EntryPoint","urlTemplate":"https:\/\/estasurfschool.net\/es\/?s={search_term_string}"},"query-input":{"@type":"PropertyValueSpecification","valueRequired":true,"valueName":"search_term_string"}}],"inLanguage":"es"},{"@type":"Organization","@id":"https:\/\/estasurfschool.net\/es\/#organization","name":"Esta Surf School","url":"https:\/\/estasurfschool.net\/es\/","logo":{"@type":"ImageObject","inLanguage":"es","@id":"https:\/\/estasurfschool.net\/es\/#\/schema\/logo\/image\/","url":"https:\/\/estasurfschool.net\/wp-content\/uploads\/2023\/03\/Logo-Esta-fondgood.png","contentUrl":"https:\/\/estasurfschool.net\/wp-content\/uploads\/2023\/03\/Logo-Esta-fondgood.png","width":567,"height":567,"caption":"Esta Surf School"},"image":{"@id":"https:\/\/estasurfschool.net\/es\/#\/schema\/logo\/image\/"},"sameAs":["https:\/\/www.facebook.com\/estasurfschool\/","https:\/\/www.instagram.com\/estasurfschool\/"]}]}},"_links":{"self":[{"href":"https:\/\/estasurfschool.net\/es\/wp-json\/wp\/v2\/pages\/5619","targetHints":{"allow":["GET"]}}],"collection":[{"href":"https:\/\/estasurfschool.net\/es\/wp-json\/wp\/v2\/pages"}],"about":[{"href":"https:\/\/estasurfschool.net\/es\/wp-json\/wp\/v2\/types\/page"}],"author":[{"embeddable":true,"href":"https:\/\/estasurfschool.net\/es\/wp-json\/wp\/v2\/users\/1"}],"replies":[{"embeddable":true,"href":"https:\/\/estasurfschool.net\/es\/wp-json\/wp\/v2\/comments?post=5619"}],"version-history":[{"count":1,"href":"https:\/\/estasurfschool.net\/es\/wp-json\/wp\/v2\/pages\/5619\/revisions"}],"predecessor-version":[{"id":5620,"href":"https:\/\/estasurfschool.net\/es\/wp-json\/wp\/v2\/pages\/5619\/revisions\/5620"}],"wp:attachment":[{"href":"https:\/\/estasurfschool.net\/es\/wp-json\/wp\/v2\/media?parent=5619"}],"curies":[{"name":"wp","href":"https:\/\/api.w.org\/{rel}","templated":true}]}}