{"id":5629,"date":"2023-04-13T14:24:25","date_gmt":"2023-04-13T14:24:25","guid":{"rendered":"https:\/\/estasurfschool.net\/deeply\/"},"modified":"2023-06-28T15:21:24","modified_gmt":"2023-06-28T15:21:24","slug":"deeply","status":"publish","type":"page","link":"https:\/\/estasurfschool.net\/es\/deeply\/","title":{"rendered":"Deeply"},"content":{"rendered":"\t\t<div data-elementor-type=\"wp-page\" data-elementor-id=\"5629\" class=\"elementor elementor-5629 elementor-4504\">\n\t\t\t\t\t\t<section class=\"elementor-section elementor-top-section elementor-element elementor-element-01216e9 elementor-section-stretched elementor-section-boxed elementor-section-height-default elementor-section-height-default\" data-id=\"01216e9\" data-element_type=\"section\" data-settings=\"{&quot;stretch_section&quot;:&quot;section-stretched&quot;}\">\n\t\t\t\t\t\t<div class=\"elementor-container elementor-column-gap-no\">\n\t\t\t\t\t<div class=\"elementor-column elementor-col-50 elementor-top-column elementor-element elementor-element-9db94b7\" data-id=\"9db94b7\" data-element_type=\"column\">\n\t\t\t<div class=\"elementor-widget-wrap elementor-element-populated\">\n\t\t\t\t\t\t<div class=\"elementor-element elementor-element-c260fcb elementor-invisible elementor-widget elementor-widget-pix-heading\" data-id=\"c260fcb\" data-element_type=\"widget\" data-widget_type=\"pix-heading.default\">\n\t\t\t\t<div class=\"elementor-widget-container\">\n\t\t\t\t\t<div  class=\"pix-heading-el text-left \"><h3 class=\"text-primary h3 animate-in heading-text el-title_custom_color mb-12\" style=\"\" data-anim-type=\"fade-in-up\" data-anim-delay=\"0\">-10% de descuento profundo en tu pedido  <br>con el c\u00f3digo: ESTA<\/h3><\/div>\t\t\t\t<\/div>\n\t\t\t\t<\/div>\n\t\t\t\t<div class=\"elementor-element elementor-element-5309681 elementor-invisible elementor-widget elementor-widget-pix-text\" data-id=\"5309681\" data-element_type=\"widget\" data-widget_type=\"pix-text.default\">\n\t\t\t\t<div class=\"elementor-widget-container\">\n\t\t\t\t\t<div class=\"pix-el-text w-100 text-left \" ><p class=\"text-20 resp-option text-body-default text-left \" ><span class=\"text-body-default animate-in d-inline-block\" data-anim-delay=\"200\" data-anim-type=\"fade-in-up\">Deeply es una aut\u00e9ntica marca de surf portuguesa para los amantes del estilo de vida surfero,\nque te inspira a adoptar una actitud m\u00e1s sana y a conectar con la naturaleza, a trav\u00e9s de sus productos, sus asociaciones\ny su experiencia compartida con nuestra comunidad.<\/span><\/p><\/div>\t\t\t\t<\/div>\n\t\t\t\t<\/div>\n\t\t\t\t<div class=\"elementor-element elementor-element-a082999 elementor-widget elementor-widget-pix-button\" data-id=\"a082999\" data-element_type=\"widget\" data-widget_type=\"pix-button.default\">\n\t\t\t\t<div class=\"elementor-widget-container\">\n\t\t\t\t\t<a  href=\"https:\/\/fr.deeply.com\/\" class=\"btn m-0      btn-primary d-inline-flex align-items-center      btn-md\"     ><span class=\"font-weight-bold \" >CONSULTE EL SITIO WEB EN PROFUNDIDAD<\/span><\/a>\t\t\t\t<\/div>\n\t\t\t\t<\/div>\n\t\t\t\t\t<\/div>\n\t\t<\/div>\n\t\t\t\t<div class=\"elementor-column elementor-col-50 elementor-top-column elementor-element elementor-element-668cc19 elementor-hidden-tablet elementor-hidden-mobile\" data-id=\"668cc19\" data-element_type=\"column\" data-settings=\"{&quot;background_background&quot;:&quot;classic&quot;}\">\n\t\t\t<div class=\"elementor-widget-wrap elementor-element-populated\">\n\t\t\t\t\t\t<div class=\"elementor-element elementor-element-ea14505 elementor-widget elementor-widget-pix-img\" data-id=\"ea14505\" data-element_type=\"widget\" data-widget_type=\"pix-img.default\">\n\t\t\t\t<div class=\"elementor-widget-container\">\n\t\t\t\t\t<div id=\"el-ea14505\" class=\"pix-img-element d-inline-block \" ><div class=\"pix-img-el     text-left d-inline-block  w-100 rounded-lg\"  ><img fetchpriority=\"high\" decoding=\"async\" width=\"1414\" height=\"2000\" src=\"https:\/\/estasurfschool.net\/wp-content\/uploads\/2023\/04\/SurfSchools_a4-copy_FR_2.jpg\" class=\"pix-img-elem rounded-lg\" alt=\"Image link\" srcset=\"https:\/\/estasurfschool.net\/wp-content\/uploads\/2023\/04\/SurfSchools_a4-copy_FR_2.jpg 1414w, https:\/\/estasurfschool.net\/wp-content\/uploads\/2023\/04\/SurfSchools_a4-copy_FR_2-212x300.jpg 212w, https:\/\/estasurfschool.net\/wp-content\/uploads\/2023\/04\/SurfSchools_a4-copy_FR_2-724x1024.jpg 724w, https:\/\/estasurfschool.net\/wp-content\/uploads\/2023\/04\/SurfSchools_a4-copy_FR_2-768x1086.jpg 768w, https:\/\/estasurfschool.net\/wp-content\/uploads\/2023\/04\/SurfSchools_a4-copy_FR_2-1086x1536.jpg 1086w\" sizes=\"(max-width: 1414px) 100vw, 1414px\" \/><\/div><\/div>\t\t\t\t<\/div>\n\t\t\t\t<\/div>\n\t\t\t\t\t<\/div>\n\t\t<\/div>\n\t\t\t\t\t<\/div>\n\t\t<\/section>\n\t\t\t\t<\/div>\n\t\t","protected":false},"excerpt":{"rendered":"<p>-10% de descuento profundo en tu pedido con el c\u00f3digo: ESTA Deeply es una aut\u00e9ntica marca de surf portuguesa para los amantes del estilo de vida surfero, que te inspira a adoptar una actitud m\u00e1s sana y a conectar con&#8230;<\/p>\n","protected":false},"author":1,"featured_media":0,"parent":0,"menu_order":0,"comment_status":"closed","ping_status":"closed","template":"","meta":{"footnotes":""},"class_list":["post-5629","page","type-page","status-publish","hentry"],"yoast_head":"<!-- This site is optimized with the Yoast SEO plugin v26.6 - https:\/\/yoast.com\/wordpress\/plugins\/seo\/ -->\n<title>Deeply | Esta Surf School<\/title>\n<meta name=\"robots\" content=\"index, follow, max-snippet:-1, max-image-preview:large, max-video-preview:-1\" \/>\n<link rel=\"canonical\" href=\"https:\/\/estasurfschool.net\/es\/deeply\/\" \/>\n<meta property=\"og:locale\" content=\"es_ES\" \/>\n<meta property=\"og:type\" content=\"article\" \/>\n<meta property=\"og:title\" content=\"Deeply | Esta Surf School\" \/>\n<meta property=\"og:description\" content=\"-10% de descuento profundo en tu pedido con el c\u00f3digo: ESTA Deeply es una aut\u00e9ntica marca de surf portuguesa para los amantes del estilo de vida surfero, que te inspira a adoptar una actitud m\u00e1s sana y a conectar con...\" \/>\n<meta property=\"og:url\" content=\"https:\/\/estasurfschool.net\/es\/deeply\/\" \/>\n<meta property=\"og:site_name\" content=\"Esta Surf School\" \/>\n<meta property=\"article:publisher\" content=\"https:\/\/www.facebook.com\/estasurfschool\/\" \/>\n<meta property=\"article:modified_time\" content=\"2023-06-28T15:21:24+00:00\" \/>\n<meta property=\"og:image\" content=\"https:\/\/estasurfschool.net\/wp-content\/uploads\/2023\/04\/SurfSchools_a4-copy_FR_2.jpg\" \/>\n<meta name=\"twitter:card\" content=\"summary_large_image\" \/>\n<script type=\"application\/ld+json\" class=\"yoast-schema-graph\">{\"@context\":\"https:\/\/schema.org\",\"@graph\":[{\"@type\":\"WebPage\",\"@id\":\"https:\/\/estasurfschool.net\/es\/deeply\/\",\"url\":\"https:\/\/estasurfschool.net\/es\/deeply\/\",\"name\":\"Deeply | Esta Surf School\",\"isPartOf\":{\"@id\":\"https:\/\/estasurfschool.net\/es\/#website\"},\"primaryImageOfPage\":{\"@id\":\"https:\/\/estasurfschool.net\/es\/deeply\/#primaryimage\"},\"image\":{\"@id\":\"https:\/\/estasurfschool.net\/es\/deeply\/#primaryimage\"},\"thumbnailUrl\":\"https:\/\/estasurfschool.net\/wp-content\/uploads\/2023\/04\/SurfSchools_a4-copy_FR_2.jpg\",\"datePublished\":\"2023-04-13T14:24:25+00:00\",\"dateModified\":\"2023-06-28T15:21:24+00:00\",\"breadcrumb\":{\"@id\":\"https:\/\/estasurfschool.net\/es\/deeply\/#breadcrumb\"},\"inLanguage\":\"es\",\"potentialAction\":[{\"@type\":\"ReadAction\",\"target\":[\"https:\/\/estasurfschool.net\/es\/deeply\/\"]}]},{\"@type\":\"ImageObject\",\"inLanguage\":\"es\",\"@id\":\"https:\/\/estasurfschool.net\/es\/deeply\/#primaryimage\",\"url\":\"https:\/\/estasurfschool.net\/wp-content\/uploads\/2023\/04\/SurfSchools_a4-copy_FR_2.jpg\",\"contentUrl\":\"https:\/\/estasurfschool.net\/wp-content\/uploads\/2023\/04\/SurfSchools_a4-copy_FR_2.jpg\"},{\"@type\":\"BreadcrumbList\",\"@id\":\"https:\/\/estasurfschool.net\/es\/deeply\/#breadcrumb\",\"itemListElement\":[{\"@type\":\"ListItem\",\"position\":1,\"name\":\"Accueil\",\"item\":\"https:\/\/estasurfschool.net\/es\/\"},{\"@type\":\"ListItem\",\"position\":2,\"name\":\"Deeply\"}]},{\"@type\":\"WebSite\",\"@id\":\"https:\/\/estasurfschool.net\/es\/#website\",\"url\":\"https:\/\/estasurfschool.net\/es\/\",\"name\":\"Esta Surf School\",\"description\":\"Ecole de surf \u00e0 Seignosse\",\"publisher\":{\"@id\":\"https:\/\/estasurfschool.net\/es\/#organization\"},\"potentialAction\":[{\"@type\":\"SearchAction\",\"target\":{\"@type\":\"EntryPoint\",\"urlTemplate\":\"https:\/\/estasurfschool.net\/es\/?s={search_term_string}\"},\"query-input\":{\"@type\":\"PropertyValueSpecification\",\"valueRequired\":true,\"valueName\":\"search_term_string\"}}],\"inLanguage\":\"es\"},{\"@type\":\"Organization\",\"@id\":\"https:\/\/estasurfschool.net\/es\/#organization\",\"name\":\"Esta Surf School\",\"url\":\"https:\/\/estasurfschool.net\/es\/\",\"logo\":{\"@type\":\"ImageObject\",\"inLanguage\":\"es\",\"@id\":\"https:\/\/estasurfschool.net\/es\/#\/schema\/logo\/image\/\",\"url\":\"https:\/\/estasurfschool.net\/wp-content\/uploads\/2023\/03\/Logo-Esta-fondgood.png\",\"contentUrl\":\"https:\/\/estasurfschool.net\/wp-content\/uploads\/2023\/03\/Logo-Esta-fondgood.png\",\"width\":567,\"height\":567,\"caption\":\"Esta Surf School\"},\"image\":{\"@id\":\"https:\/\/estasurfschool.net\/es\/#\/schema\/logo\/image\/\"},\"sameAs\":[\"https:\/\/www.facebook.com\/estasurfschool\/\",\"https:\/\/www.instagram.com\/estasurfschool\/\"]}]}<\/script>\n<!-- \/ Yoast SEO plugin. -->","yoast_head_json":{"title":"Deeply | Esta Surf School","robots":{"index":"index","follow":"follow","max-snippet":"max-snippet:-1","max-image-preview":"max-image-preview:large","max-video-preview":"max-video-preview:-1"},"canonical":"https:\/\/estasurfschool.net\/es\/deeply\/","og_locale":"es_ES","og_type":"article","og_title":"Deeply | Esta Surf School","og_description":"-10% de descuento profundo en tu pedido con el c\u00f3digo: ESTA Deeply es una aut\u00e9ntica marca de surf portuguesa para los amantes del estilo de vida surfero, que te inspira a adoptar una actitud m\u00e1s sana y a conectar con...","og_url":"https:\/\/estasurfschool.net\/es\/deeply\/","og_site_name":"Esta Surf School","article_publisher":"https:\/\/www.facebook.com\/estasurfschool\/","article_modified_time":"2023-06-28T15:21:24+00:00","og_image":[{"url":"https:\/\/estasurfschool.net\/wp-content\/uploads\/2023\/04\/SurfSchools_a4-copy_FR_2.jpg","type":"","width":"","height":""}],"twitter_card":"summary_large_image","schema":{"@context":"https:\/\/schema.org","@graph":[{"@type":"WebPage","@id":"https:\/\/estasurfschool.net\/es\/deeply\/","url":"https:\/\/estasurfschool.net\/es\/deeply\/","name":"Deeply | Esta Surf School","isPartOf":{"@id":"https:\/\/estasurfschool.net\/es\/#website"},"primaryImageOfPage":{"@id":"https:\/\/estasurfschool.net\/es\/deeply\/#primaryimage"},"image":{"@id":"https:\/\/estasurfschool.net\/es\/deeply\/#primaryimage"},"thumbnailUrl":"https:\/\/estasurfschool.net\/wp-content\/uploads\/2023\/04\/SurfSchools_a4-copy_FR_2.jpg","datePublished":"2023-04-13T14:24:25+00:00","dateModified":"2023-06-28T15:21:24+00:00","breadcrumb":{"@id":"https:\/\/estasurfschool.net\/es\/deeply\/#breadcrumb"},"inLanguage":"es","potentialAction":[{"@type":"ReadAction","target":["https:\/\/estasurfschool.net\/es\/deeply\/"]}]},{"@type":"ImageObject","inLanguage":"es","@id":"https:\/\/estasurfschool.net\/es\/deeply\/#primaryimage","url":"https:\/\/estasurfschool.net\/wp-content\/uploads\/2023\/04\/SurfSchools_a4-copy_FR_2.jpg","contentUrl":"https:\/\/estasurfschool.net\/wp-content\/uploads\/2023\/04\/SurfSchools_a4-copy_FR_2.jpg"},{"@type":"BreadcrumbList","@id":"https:\/\/estasurfschool.net\/es\/deeply\/#breadcrumb","itemListElement":[{"@type":"ListItem","position":1,"name":"Accueil","item":"https:\/\/estasurfschool.net\/es\/"},{"@type":"ListItem","position":2,"name":"Deeply"}]},{"@type":"WebSite","@id":"https:\/\/estasurfschool.net\/es\/#website","url":"https:\/\/estasurfschool.net\/es\/","name":"Esta Surf School","description":"Ecole de surf \u00e0 Seignosse","publisher":{"@id":"https:\/\/estasurfschool.net\/es\/#organization"},"potentialAction":[{"@type":"SearchAction","target":{"@type":"EntryPoint","urlTemplate":"https:\/\/estasurfschool.net\/es\/?s={search_term_string}"},"query-input":{"@type":"PropertyValueSpecification","valueRequired":true,"valueName":"search_term_string"}}],"inLanguage":"es"},{"@type":"Organization","@id":"https:\/\/estasurfschool.net\/es\/#organization","name":"Esta Surf School","url":"https:\/\/estasurfschool.net\/es\/","logo":{"@type":"ImageObject","inLanguage":"es","@id":"https:\/\/estasurfschool.net\/es\/#\/schema\/logo\/image\/","url":"https:\/\/estasurfschool.net\/wp-content\/uploads\/2023\/03\/Logo-Esta-fondgood.png","contentUrl":"https:\/\/estasurfschool.net\/wp-content\/uploads\/2023\/03\/Logo-Esta-fondgood.png","width":567,"height":567,"caption":"Esta Surf School"},"image":{"@id":"https:\/\/estasurfschool.net\/es\/#\/schema\/logo\/image\/"},"sameAs":["https:\/\/www.facebook.com\/estasurfschool\/","https:\/\/www.instagram.com\/estasurfschool\/"]}]}},"_links":{"self":[{"href":"https:\/\/estasurfschool.net\/es\/wp-json\/wp\/v2\/pages\/5629","targetHints":{"allow":["GET"]}}],"collection":[{"href":"https:\/\/estasurfschool.net\/es\/wp-json\/wp\/v2\/pages"}],"about":[{"href":"https:\/\/estasurfschool.net\/es\/wp-json\/wp\/v2\/types\/page"}],"author":[{"embeddable":true,"href":"https:\/\/estasurfschool.net\/es\/wp-json\/wp\/v2\/users\/1"}],"replies":[{"embeddable":true,"href":"https:\/\/estasurfschool.net\/es\/wp-json\/wp\/v2\/comments?post=5629"}],"version-history":[{"count":1,"href":"https:\/\/estasurfschool.net\/es\/wp-json\/wp\/v2\/pages\/5629\/revisions"}],"predecessor-version":[{"id":5630,"href":"https:\/\/estasurfschool.net\/es\/wp-json\/wp\/v2\/pages\/5629\/revisions\/5630"}],"wp:attachment":[{"href":"https:\/\/estasurfschool.net\/es\/wp-json\/wp\/v2\/media?parent=5629"}],"curies":[{"name":"wp","href":"https:\/\/api.w.org\/{rel}","templated":true}]}}