{"id":5637,"date":"2023-05-25T14:59:54","date_gmt":"2023-05-25T14:59:54","guid":{"rendered":"https:\/\/estasurfschool.net\/informacion-legal\/"},"modified":"2023-06-28T15:23:24","modified_gmt":"2023-06-28T15:23:24","slug":"informacion-legal","status":"publish","type":"page","link":"https:\/\/estasurfschool.net\/es\/informacion-legal\/","title":{"rendered":"Informaci\u00f3n legal"},"content":{"rendered":"\n<h1 class=\"wp-block-heading\">Informaci\u00f3n legal<\/h1>\n\n<p><strong>Editor del sitio :<\/strong><\/p>\n\n<p>Esta Surf School SIRET n\u00famero :<\/p>\n\n<p>Director editorial: CAVADAS Fran\u00e7ois<\/p>\n\n<p>AIME 2000 73210 AIME-LA-PLAGNE<\/p>\n\n<p>Tel\u00e9fono: +33 6 67 78 33 66<\/p>\n\n<p>Correo electr\u00f3nico : info@estasurfschool.net<\/p>\n\n<p>P\u00e1gina web: estasurfschool.net<\/p>\n\n<p><strong>Alojamiento :<\/strong><\/p>\n\n<p>Anfitri\u00f3n : O2SWITCH<br\/>Qu\u00edmica. des Pardiaux, 63000 Clermont-Ferrand<\/p>\n\n<p>P\u00e1gina web: O2SWITCH.FR<\/p>\n\n<p><strong>Desarrollo<\/strong><strong> :<\/strong><\/p>\n\n<p>Antoine Broin<\/p>\n\n<p>Direcci\u00f3n: 115 all\u00e9e des cam\u00e9lias, St-Vincent-de-Tyrosse<\/p>\n\n<p>P\u00e1gina web: antoinebroin.fr<\/p>\n\n<p><strong>Condiciones de uso :<\/strong><\/p>\n\n<p>Este sitio est\u00e1 disponible en diferentes lenguajes web (HTML, HTML5, Javascript, CSS, etc.) para mayor facilidad de uso y gr\u00e1ficos m\u00e1s atractivos.<\/p>\n\n<p>Le recomendamos que utilice navegadores modernos como Internet Explorer, Safari, Firefox, Google Chrome, etc.<\/p>\n\n<p>Esta Surf School hace todo lo posible para proporcionar informaci\u00f3n fiable y actualizar sus sitios web de forma fiable.<\/p>\n\n<p>No obstante, pueden producirse errores u omisiones. Por lo tanto, el usuario de Internet debe asegurarse de la exactitud de la informaci\u00f3n proporcionada por la Escuela de Surf Esta, e informar a la Escuela de Surf Esta de cualquier cambio en el sitio que considere \u00fatil. La Escuela de Surf Esta no es en ning\u00fan caso responsable del uso que se haga de esta informaci\u00f3n, ni de los perjuicios directos o indirectos que puedan derivarse.<\/p>\n\n<p><strong>Cookies<\/strong>: El sitio web estasurfschool.net puede pedirle que acepte cookies con fines estad\u00edsticos y de visualizaci\u00f3n. Una cookie es un fragmento de informaci\u00f3n que el servidor del sitio que visita almacena en su disco duro.<\/p>\n\n<p>Contiene una serie de datos que se almacenan en su ordenador en un simple archivo de texto al que accede un servidor para leer y registrar informaci\u00f3n. Algunas partes de este sitio no pueden utilizarse sin aceptar cookies.<\/p>\n\n<p><strong>Enlaces de hipertexto :<\/strong> Nuestros sitios web pueden proporcionar enlaces a otros sitios web u otros recursos disponibles en Internet. estasurfschool.net no tiene ning\u00fan medio de controlar los sitios conectados a sus sitios web.<\/p>\n\n<p>Esta Surf School no se responsabiliza de la disponibilidad de dichos sitios y fuentes externas, ni los garantiza. No se hace responsable de los da\u00f1os y perjuicios de cualquier naturaleza derivados del contenido de estos sitios o fuentes externas y, en particular, de la informaci\u00f3n, productos o servicios que ofrecen, ni del uso que pueda hacerse de estos elementos. Los riesgos asociados a esta utilizaci\u00f3n corren \u00edntegramente a cargo del internauta, que debe respetar sus condiciones de uso.<\/p>\n\n<p>Los usuarios, suscriptores y visitantes de los sitios web no podr\u00e1n establecer un hiperenlace a este sitio sin la previa autorizaci\u00f3n expresa de Esta Surf School.<\/p>\n\n<p>En caso de que un usuario o visitante desee establecer un hiperv\u00ednculo a uno de los sitios web de Esta Surf School, deber\u00e1 enviar un correo electr\u00f3nico al sitio para solicitar que se establezca un hiperv\u00ednculo.<\/p>\n\n<p>Esta Surf School se reserva el derecho de aceptar o rechazar un hiperv\u00ednculo sin tener que justificar su decisi\u00f3n.<\/p>\n\n<p><strong>Servicios prestados :<\/strong><\/p>\n\n<p>Todas las actividades e informaci\u00f3n de la empresa se presentan en nuestro sitio web a<\/p>\n\n<p>Esta Surf School se esfuerza por proporcionar informaci\u00f3n en el sitio web estasurfschool.net lo m\u00e1s precisa posible. La informaci\u00f3n del sitio web estasurfschool.net no es exhaustiva y las fotos no son contractuales.<\/p>\n\n<p>Se dan a condici\u00f3n de que se hayan hecho cambios desde que se pusieron en l\u00ednea. Adem\u00e1s, toda la informaci\u00f3n proporcionada en el sitio web estasurfschool.net se facilita a t\u00edtulo meramente informativo y puede cambiar o evolucionar sin previo aviso.<\/p>\n\n<p><strong>Limitaciones contractuales de los datos :<\/strong><\/p>\n\n<p>La informaci\u00f3n contenida en este sitio es lo m\u00e1s exacta posible y se actualiza en distintos momentos del a\u00f1o, pero puede contener imprecisiones u omisiones.<\/p>\n\n<p>Si observa una laguna, un error o lo que parece ser un mal funcionamiento, notif\u00edquelo por correo electr\u00f3nico a info@estasurfschool.net, describiendo el problema con la mayor precisi\u00f3n posible (p\u00e1gina que causa el problema, tipo de ordenador y navegador utilizados, etc.).<\/p>\n\n<p>Cualquier contenido descargado se hace por cuenta y riesgo del usuario y bajo su exclusiva responsabilidad. En consecuencia, la empresa no se hace responsable de los da\u00f1os causados al ordenador del usuario ni de la p\u00e9rdida de datos resultante de la descarga.<\/p>\n\n<p>Adem\u00e1s, el usuario del sitio se compromete a acceder a \u00e9l utilizando un equipo reciente, libre de virus y con un navegador actualizado de \u00faltima generaci\u00f3n.<\/p>\n\n<p>Esta Escuela de Surf no se hace responsable de los enlaces de hipertexto existentes en este sitio web a otros recursos de Internet.<\/p>\n\n<p><strong>Propiedad intelectual :<\/strong><\/p>\n\n<p>Todos los contenidos del sitio web estasurfschool.net, incluidos, entre otros, gr\u00e1ficos, im\u00e1genes, textos, v\u00eddeos, animaciones, sonidos, logotipos, gifs e iconos, as\u00ed como su disposici\u00f3n, son propiedad exclusiva de la empresa, a excepci\u00f3n de las marcas, logotipos o contenidos pertenecientes a otras empresas o autores asociados.<\/p>\n\n<p>Cualquier reproducci\u00f3n, distribuci\u00f3n, modificaci\u00f3n, adaptaci\u00f3n, retransmisi\u00f3n o publicaci\u00f3n, incluso parcial, de estos diferentes elementos est\u00e1 estrictamente prohibida sin el consentimiento expreso y por escrito de Esta Surf School. Esta representaci\u00f3n o reproducci\u00f3n, por cualquier medio, constituye una infracci\u00f3n sancionada por los art\u00edculos L.335-2 y siguientes del C\u00f3digo franc\u00e9s de la Propiedad Intelectual. El incumplimiento de esta prohibici\u00f3n constituye una infracci\u00f3n de la que el infractor puede ser considerado responsable civil y penalmente. Adem\u00e1s, los propietarios del Contenido copiado pueden emprender acciones legales contra usted.<\/p>\n\n<p><strong>Declaraci\u00f3n a la CNIL :<\/strong><\/p>\n\n<p>De conformidad con la Ley 78-17 de 6 de enero de 1978 (modificada por la Ley 2004-801 de 6 de agosto de 2004 relativa a la protecci\u00f3n de las personas f\u00edsicas en lo que respecta al tratamiento de datos personales) relativa a la inform\u00e1tica, a los ficheros y a las libertades, este sitio ha sido declarado 1656629 ante la Commission nationale de l&#8217;informatique et des libert\u00e9s (<a href=\"https:\/\/www.cnil.fr\/\">www.cnil.fr)<\/a>.<\/p>\n\n<p><strong>Litigios :<\/strong><\/p>\n\n<p>Las presentes condiciones generales del sitio web estasurfschool.net se rigen por la legislaci\u00f3n francesa y cualquier litigio o controversia que pudiera derivarse de su interpretaci\u00f3n o ejecuci\u00f3n ser\u00e1 competencia exclusiva de los tribunales competentes del domicilio social de la empresa. La lengua de referencia para la resoluci\u00f3n de posibles litigios es el franc\u00e9s.<\/p>\n\n<p><strong>Datos personales:<\/strong><\/p>\n\n<p>En general, usted no est\u00e1 obligado a facilitarnos sus datos personales cuando visita nuestro sitio web estasurfschool.net.<\/p>\n\n<p>No obstante, existen algunas excepciones a este principio. Para determinados servicios ofrecidos en nuestro sitio, es posible que se le pida que nos proporcione cierta informaci\u00f3n, como: su nombre, su cargo, el nombre de su empresa, su direcci\u00f3n de correo electr\u00f3nico y su n\u00famero de tel\u00e9fono. Este es el caso cuando rellena el formulario en l\u00ednea en la secci\u00f3n \u00abcontacto\u00bb.<\/p>\n\n<p>En todos los casos, puede negarse a facilitar sus datos personales. En este caso, no podr\u00e1 utilizar los servicios del sitio, en particular solicitar informaci\u00f3n sobre nuestra empresa o recibir nuestros boletines informativos.<\/p>\n\n<p>Por \u00faltimo, podemos recopilar autom\u00e1ticamente cierta informaci\u00f3n sobre usted cuando simplemente navega por nuestro sitio web, en particular: informaci\u00f3n sobre el uso de nuestro sitio, como las \u00e1reas que visita y los servicios a los que accede, su  <a href=\"https:\/\/www.anthedesign.fr\/hebergement-web\/adresse-ip\/\">Direcci\u00f3n IP<\/a>su tipo de navegador y las horas de acceso.<\/p>\n\n<p>Dicha informaci\u00f3n se utiliza exclusivamente con fines estad\u00edsticos internos, con el fin de mejorar la calidad de los servicios que se le ofrecen. Las bases de datos est\u00e1n protegidas por las disposiciones de la Ley de 1 de julio de 1998 que transpone la Directiva 96\/9 de 11 de marzo de 1996 sobre la protecci\u00f3n jur\u00eddica de las bases de datos.<\/p>\n","protected":false},"excerpt":{"rendered":"<p>Informaci\u00f3n legal Editor del sitio : Esta Surf School SIRET n\u00famero : Director editorial: CAVADAS Fran\u00e7ois AIME 2000 73210 AIME-LA-PLAGNE Tel\u00e9fono: +33 6 67 78 33 66 Correo electr\u00f3nico : info@estasurfschool.net P\u00e1gina web: estasurfschool.net Alojamiento : Anfitri\u00f3n : O2SWITCHQu\u00edmica. des&#8230;<\/p>\n","protected":false},"author":1,"featured_media":0,"parent":0,"menu_order":0,"comment_status":"closed","ping_status":"closed","template":"","meta":{"footnotes":""},"class_list":["post-5637","page","type-page","status-publish","hentry"],"yoast_head":"<!-- This site is optimized with the Yoast SEO plugin v26.6 - https:\/\/yoast.com\/wordpress\/plugins\/seo\/ -->\n<title>Informaci\u00f3n legal | Esta Surf School<\/title>\n<meta name=\"robots\" content=\"index, follow, max-snippet:-1, max-image-preview:large, max-video-preview:-1\" \/>\n<link rel=\"canonical\" href=\"https:\/\/estasurfschool.net\/es\/informacion-legal\/\" \/>\n<meta property=\"og:locale\" content=\"es_ES\" \/>\n<meta property=\"og:type\" content=\"article\" \/>\n<meta property=\"og:title\" content=\"Informaci\u00f3n legal | Esta Surf School\" \/>\n<meta property=\"og:description\" content=\"Informaci\u00f3n legal Editor del sitio : Esta Surf School SIRET n\u00famero : Director editorial: CAVADAS Fran\u00e7ois AIME 2000 73210 AIME-LA-PLAGNE Tel\u00e9fono: +33 6 67 78 33 66 Correo electr\u00f3nico : info@estasurfschool.net P\u00e1gina web: estasurfschool.net Alojamiento : Anfitri\u00f3n : O2SWITCHQu\u00edmica. des...\" \/>\n<meta property=\"og:url\" content=\"https:\/\/estasurfschool.net\/es\/informacion-legal\/\" \/>\n<meta property=\"og:site_name\" content=\"Esta Surf School\" \/>\n<meta property=\"article:publisher\" content=\"https:\/\/www.facebook.com\/estasurfschool\/\" \/>\n<meta property=\"article:modified_time\" content=\"2023-06-28T15:23:24+00:00\" \/>\n<meta property=\"og:image\" content=\"https:\/\/estasurfschool.net\/wp-content\/uploads\/2023\/03\/cropped-Logo_Esta_Surf_School_2021-compresse.png\" \/>\n\t<meta property=\"og:image:width\" content=\"995\" \/>\n\t<meta property=\"og:image:height\" content=\"997\" \/>\n\t<meta property=\"og:image:type\" content=\"image\/png\" \/>\n<meta name=\"twitter:card\" content=\"summary_large_image\" \/>\n<meta name=\"twitter:label1\" content=\"Tiempo de lectura\" \/>\n\t<meta name=\"twitter:data1\" content=\"6 minutos\" \/>\n<script type=\"application\/ld+json\" class=\"yoast-schema-graph\">{\"@context\":\"https:\/\/schema.org\",\"@graph\":[{\"@type\":\"WebPage\",\"@id\":\"https:\/\/estasurfschool.net\/es\/informacion-legal\/\",\"url\":\"https:\/\/estasurfschool.net\/es\/informacion-legal\/\",\"name\":\"Informaci\u00f3n legal | Esta Surf School\",\"isPartOf\":{\"@id\":\"https:\/\/estasurfschool.net\/es\/#website\"},\"datePublished\":\"2023-05-25T14:59:54+00:00\",\"dateModified\":\"2023-06-28T15:23:24+00:00\",\"breadcrumb\":{\"@id\":\"https:\/\/estasurfschool.net\/es\/informacion-legal\/#breadcrumb\"},\"inLanguage\":\"es\",\"potentialAction\":[{\"@type\":\"ReadAction\",\"target\":[\"https:\/\/estasurfschool.net\/es\/informacion-legal\/\"]}]},{\"@type\":\"BreadcrumbList\",\"@id\":\"https:\/\/estasurfschool.net\/es\/informacion-legal\/#breadcrumb\",\"itemListElement\":[{\"@type\":\"ListItem\",\"position\":1,\"name\":\"Accueil\",\"item\":\"https:\/\/estasurfschool.net\/es\/\"},{\"@type\":\"ListItem\",\"position\":2,\"name\":\"Informaci\u00f3n legal\"}]},{\"@type\":\"WebSite\",\"@id\":\"https:\/\/estasurfschool.net\/es\/#website\",\"url\":\"https:\/\/estasurfschool.net\/es\/\",\"name\":\"Esta Surf School\",\"description\":\"Ecole de surf \u00e0 Seignosse\",\"publisher\":{\"@id\":\"https:\/\/estasurfschool.net\/es\/#organization\"},\"potentialAction\":[{\"@type\":\"SearchAction\",\"target\":{\"@type\":\"EntryPoint\",\"urlTemplate\":\"https:\/\/estasurfschool.net\/es\/?s={search_term_string}\"},\"query-input\":{\"@type\":\"PropertyValueSpecification\",\"valueRequired\":true,\"valueName\":\"search_term_string\"}}],\"inLanguage\":\"es\"},{\"@type\":\"Organization\",\"@id\":\"https:\/\/estasurfschool.net\/es\/#organization\",\"name\":\"Esta Surf School\",\"url\":\"https:\/\/estasurfschool.net\/es\/\",\"logo\":{\"@type\":\"ImageObject\",\"inLanguage\":\"es\",\"@id\":\"https:\/\/estasurfschool.net\/es\/#\/schema\/logo\/image\/\",\"url\":\"https:\/\/estasurfschool.net\/wp-content\/uploads\/2023\/03\/Logo-Esta-fondgood.png\",\"contentUrl\":\"https:\/\/estasurfschool.net\/wp-content\/uploads\/2023\/03\/Logo-Esta-fondgood.png\",\"width\":567,\"height\":567,\"caption\":\"Esta Surf School\"},\"image\":{\"@id\":\"https:\/\/estasurfschool.net\/es\/#\/schema\/logo\/image\/\"},\"sameAs\":[\"https:\/\/www.facebook.com\/estasurfschool\/\",\"https:\/\/www.instagram.com\/estasurfschool\/\"]}]}<\/script>\n<!-- \/ Yoast SEO plugin. -->","yoast_head_json":{"title":"Informaci\u00f3n legal | Esta Surf School","robots":{"index":"index","follow":"follow","max-snippet":"max-snippet:-1","max-image-preview":"max-image-preview:large","max-video-preview":"max-video-preview:-1"},"canonical":"https:\/\/estasurfschool.net\/es\/informacion-legal\/","og_locale":"es_ES","og_type":"article","og_title":"Informaci\u00f3n legal | Esta Surf School","og_description":"Informaci\u00f3n legal Editor del sitio : Esta Surf School SIRET n\u00famero : Director editorial: CAVADAS Fran\u00e7ois AIME 2000 73210 AIME-LA-PLAGNE Tel\u00e9fono: +33 6 67 78 33 66 Correo electr\u00f3nico : info@estasurfschool.net P\u00e1gina web: estasurfschool.net Alojamiento : Anfitri\u00f3n : O2SWITCHQu\u00edmica. des...","og_url":"https:\/\/estasurfschool.net\/es\/informacion-legal\/","og_site_name":"Esta Surf School","article_publisher":"https:\/\/www.facebook.com\/estasurfschool\/","article_modified_time":"2023-06-28T15:23:24+00:00","og_image":[{"width":995,"height":997,"url":"https:\/\/estasurfschool.net\/wp-content\/uploads\/2023\/03\/cropped-Logo_Esta_Surf_School_2021-compresse.png","type":"image\/png"}],"twitter_card":"summary_large_image","twitter_misc":{"Tiempo de lectura":"6 minutos"},"schema":{"@context":"https:\/\/schema.org","@graph":[{"@type":"WebPage","@id":"https:\/\/estasurfschool.net\/es\/informacion-legal\/","url":"https:\/\/estasurfschool.net\/es\/informacion-legal\/","name":"Informaci\u00f3n legal | Esta Surf School","isPartOf":{"@id":"https:\/\/estasurfschool.net\/es\/#website"},"datePublished":"2023-05-25T14:59:54+00:00","dateModified":"2023-06-28T15:23:24+00:00","breadcrumb":{"@id":"https:\/\/estasurfschool.net\/es\/informacion-legal\/#breadcrumb"},"inLanguage":"es","potentialAction":[{"@type":"ReadAction","target":["https:\/\/estasurfschool.net\/es\/informacion-legal\/"]}]},{"@type":"BreadcrumbList","@id":"https:\/\/estasurfschool.net\/es\/informacion-legal\/#breadcrumb","itemListElement":[{"@type":"ListItem","position":1,"name":"Accueil","item":"https:\/\/estasurfschool.net\/es\/"},{"@type":"ListItem","position":2,"name":"Informaci\u00f3n legal"}]},{"@type":"WebSite","@id":"https:\/\/estasurfschool.net\/es\/#website","url":"https:\/\/estasurfschool.net\/es\/","name":"Esta Surf School","description":"Ecole de surf \u00e0 Seignosse","publisher":{"@id":"https:\/\/estasurfschool.net\/es\/#organization"},"potentialAction":[{"@type":"SearchAction","target":{"@type":"EntryPoint","urlTemplate":"https:\/\/estasurfschool.net\/es\/?s={search_term_string}"},"query-input":{"@type":"PropertyValueSpecification","valueRequired":true,"valueName":"search_term_string"}}],"inLanguage":"es"},{"@type":"Organization","@id":"https:\/\/estasurfschool.net\/es\/#organization","name":"Esta Surf School","url":"https:\/\/estasurfschool.net\/es\/","logo":{"@type":"ImageObject","inLanguage":"es","@id":"https:\/\/estasurfschool.net\/es\/#\/schema\/logo\/image\/","url":"https:\/\/estasurfschool.net\/wp-content\/uploads\/2023\/03\/Logo-Esta-fondgood.png","contentUrl":"https:\/\/estasurfschool.net\/wp-content\/uploads\/2023\/03\/Logo-Esta-fondgood.png","width":567,"height":567,"caption":"Esta Surf School"},"image":{"@id":"https:\/\/estasurfschool.net\/es\/#\/schema\/logo\/image\/"},"sameAs":["https:\/\/www.facebook.com\/estasurfschool\/","https:\/\/www.instagram.com\/estasurfschool\/"]}]}},"_links":{"self":[{"href":"https:\/\/estasurfschool.net\/es\/wp-json\/wp\/v2\/pages\/5637","targetHints":{"allow":["GET"]}}],"collection":[{"href":"https:\/\/estasurfschool.net\/es\/wp-json\/wp\/v2\/pages"}],"about":[{"href":"https:\/\/estasurfschool.net\/es\/wp-json\/wp\/v2\/types\/page"}],"author":[{"embeddable":true,"href":"https:\/\/estasurfschool.net\/es\/wp-json\/wp\/v2\/users\/1"}],"replies":[{"embeddable":true,"href":"https:\/\/estasurfschool.net\/es\/wp-json\/wp\/v2\/comments?post=5637"}],"version-history":[{"count":1,"href":"https:\/\/estasurfschool.net\/es\/wp-json\/wp\/v2\/pages\/5637\/revisions"}],"predecessor-version":[{"id":5638,"href":"https:\/\/estasurfschool.net\/es\/wp-json\/wp\/v2\/pages\/5637\/revisions\/5638"}],"wp:attachment":[{"href":"https:\/\/estasurfschool.net\/es\/wp-json\/wp\/v2\/media?parent=5637"}],"curies":[{"name":"wp","href":"https:\/\/api.w.org\/{rel}","templated":true}]}}